{"id":876,"date":"2023-06-01T16:45:46","date_gmt":"2023-06-01T14:45:46","guid":{"rendered":"http:\/\/www.poradnahygge.cz\/?page_id=876"},"modified":"2024-10-31T13:31:49","modified_gmt":"2024-10-31T12:31:49","slug":"jak-pomahame","status":"publish","type":"page","link":"https:\/\/www.poradnahygge.cz\/jak-pomahame\/","title":{"rendered":"Jak pom\u00e1h\u00e1me"},"content":{"rendered":"\t\t<div data-elementor-type=\"wp-page\" data-elementor-id=\"876\" class=\"elementor elementor-876\">\n\t\t\t\t\t\t<section class=\"elementor-section elementor-top-section elementor-element elementor-element-62efc12 elementor-section-stretched uvod-top elementor-section-boxed elementor-section-height-default elementor-section-height-default\" data-id=\"62efc12\" data-element_type=\"section\" data-settings=\"{&quot;stretch_section&quot;:&quot;section-stretched&quot;,&quot;background_background&quot;:&quot;classic&quot;,&quot;_ha_eqh_enable&quot;:false}\">\n\t\t\t\t\t\t\t<div class=\"elementor-background-overlay\"><\/div>\n\t\t\t\t\t\t\t<div class=\"elementor-container elementor-column-gap-wider\">\n\t\t\t\t\t<div class=\"elementor-column elementor-col-100 elementor-top-column elementor-element elementor-element-d86f64a\" data-id=\"d86f64a\" data-element_type=\"column\">\n\t\t\t<div class=\"elementor-widget-wrap elementor-element-populated\">\n\t\t\t\t\t\t<div class=\"elementor-element elementor-element-3097e33 elementor-widget elementor-widget-text-editor\" data-id=\"3097e33\" data-element_type=\"widget\" data-widget_type=\"text-editor.default\">\n\t\t\t\t<div class=\"elementor-widget-container\">\n\t\t\t\t\t\t\t<h1 style=\"text-align: center;\"><strong>HOW WE HELP<\/strong><\/h1>\t\t\t\t\t\t<\/div>\n\t\t\t\t<\/div>\n\t\t\t\t\t<\/div>\n\t\t<\/div>\n\t\t\t\t\t<\/div>\n\t\t<\/section>\n\t\t\t\t<section class=\"elementor-section elementor-top-section elementor-element elementor-element-35e453f elementor-section-stretched elementor-section-boxed elementor-section-height-default elementor-section-height-default\" data-id=\"35e453f\" data-element_type=\"section\" data-settings=\"{&quot;stretch_section&quot;:&quot;section-stretched&quot;,&quot;_ha_eqh_enable&quot;:false}\">\n\t\t\t\t\t\t<div class=\"elementor-container elementor-column-gap-wider\">\n\t\t\t\t\t<div class=\"elementor-column elementor-col-50 elementor-top-column elementor-element elementor-element-8c16abf\" data-id=\"8c16abf\" data-element_type=\"column\">\n\t\t\t<div class=\"elementor-widget-wrap elementor-element-populated\">\n\t\t\t\t\t\t<div class=\"elementor-element elementor-element-04bae96 elementor-widget elementor-widget-image\" data-id=\"04bae96\" data-element_type=\"widget\" data-widget_type=\"image.default\">\n\t\t\t\t<div class=\"elementor-widget-container\">\n\t\t\t\t\t\t\t\t\t\t\t\t\t<img fetchpriority=\"high\" decoding=\"async\" width=\"1024\" height=\"683\" src=\"https:\/\/www.poradnahygge.cz\/wp-content\/uploads\/2023\/06\/woman-with-hands-together-talking-with-counselor-scaled-e1685626137373-1024x683.jpg\" class=\"attachment-large size-large wp-image-804\" alt=\"\" srcset=\"https:\/\/www.poradnahygge.cz\/wp-content\/uploads\/2023\/06\/woman-with-hands-together-talking-with-counselor-scaled-e1685626137373-1024x683.jpg 1024w, https:\/\/www.poradnahygge.cz\/wp-content\/uploads\/2023\/06\/woman-with-hands-together-talking-with-counselor-scaled-e1685626137373-300x200.jpg 300w, https:\/\/www.poradnahygge.cz\/wp-content\/uploads\/2023\/06\/woman-with-hands-together-talking-with-counselor-scaled-e1685626137373-768x513.jpg 768w, https:\/\/www.poradnahygge.cz\/wp-content\/uploads\/2023\/06\/woman-with-hands-together-talking-with-counselor-scaled-e1685626137373-1536x1025.jpg 1536w, https:\/\/www.poradnahygge.cz\/wp-content\/uploads\/2023\/06\/woman-with-hands-together-talking-with-counselor-scaled-e1685626137373.jpg 1900w\" sizes=\"(max-width: 1024px) 100vw, 1024px\" \/>\t\t\t\t\t\t\t\t\t\t\t\t\t<\/div>\n\t\t\t\t<\/div>\n\t\t\t\t\t<\/div>\n\t\t<\/div>\n\t\t\t\t<div class=\"elementor-column elementor-col-50 elementor-top-column elementor-element elementor-element-51d5df4\" data-id=\"51d5df4\" data-element_type=\"column\">\n\t\t\t<div class=\"elementor-widget-wrap elementor-element-populated\">\n\t\t\t\t\t\t<div class=\"elementor-element elementor-element-b83a7a5 elementor-widget elementor-widget-text-editor\" data-id=\"b83a7a5\" data-element_type=\"widget\" data-widget_type=\"text-editor.default\">\n\t\t\t\t<div class=\"elementor-widget-container\">\n\t\t\t\t\t\t\t<h3><a href=\"http:\/\/www.poradnahygge.cz\/en\/konzultace\/\">Consultations<\/a><\/h3><p>Consultation is the first conversation (or several initial conversations) with a psychologist, aimed at understanding your needs and proposing the most effective form of work for you. A consultation may precede the start of regular therapy.<\/p>\t\t\t\t\t\t<\/div>\n\t\t\t\t<\/div>\n\t\t\t\t\t<\/div>\n\t\t<\/div>\n\t\t\t\t\t<\/div>\n\t\t<\/section>\n\t\t\t\t<section class=\"elementor-section elementor-top-section elementor-element elementor-element-a56cc9e elementor-section-stretched elementor-section-boxed elementor-section-height-default elementor-section-height-default\" data-id=\"a56cc9e\" data-element_type=\"section\" data-settings=\"{&quot;stretch_section&quot;:&quot;section-stretched&quot;,&quot;_ha_eqh_enable&quot;:false}\">\n\t\t\t\t\t\t<div class=\"elementor-container elementor-column-gap-wider\">\n\t\t\t\t\t<div class=\"elementor-column elementor-col-50 elementor-top-column elementor-element elementor-element-b9414f7\" data-id=\"b9414f7\" data-element_type=\"column\">\n\t\t\t<div class=\"elementor-widget-wrap elementor-element-populated\">\n\t\t\t\t\t\t<div class=\"elementor-element elementor-element-bc00df4 elementor-widget elementor-widget-image\" data-id=\"bc00df4\" data-element_type=\"widget\" data-widget_type=\"image.default\">\n\t\t\t\t<div class=\"elementor-widget-container\">\n\t\t\t\t\t\t\t\t\t\t\t\t\t<img decoding=\"async\" width=\"1024\" height=\"577\" src=\"https:\/\/www.poradnahygge.cz\/wp-content\/uploads\/2023\/06\/appointment-psychologist-scaled-e1706536797322-1024x577.jpg\" class=\"attachment-large size-large wp-image-854\" alt=\"\" srcset=\"https:\/\/www.poradnahygge.cz\/wp-content\/uploads\/2023\/06\/appointment-psychologist-scaled-e1706536797322-1024x577.jpg 1024w, https:\/\/www.poradnahygge.cz\/wp-content\/uploads\/2023\/06\/appointment-psychologist-scaled-e1706536797322-300x169.jpg 300w, https:\/\/www.poradnahygge.cz\/wp-content\/uploads\/2023\/06\/appointment-psychologist-scaled-e1706536797322-768x433.jpg 768w, https:\/\/www.poradnahygge.cz\/wp-content\/uploads\/2023\/06\/appointment-psychologist-scaled-e1706536797322-1536x865.jpg 1536w, https:\/\/www.poradnahygge.cz\/wp-content\/uploads\/2023\/06\/appointment-psychologist-scaled-e1706536797322.jpg 1587w\" sizes=\"(max-width: 1024px) 100vw, 1024px\" \/>\t\t\t\t\t\t\t\t\t\t\t\t\t<\/div>\n\t\t\t\t<\/div>\n\t\t\t\t\t<\/div>\n\t\t<\/div>\n\t\t\t\t<div class=\"elementor-column elementor-col-50 elementor-top-column elementor-element elementor-element-51be48a\" data-id=\"51be48a\" data-element_type=\"column\">\n\t\t\t<div class=\"elementor-widget-wrap elementor-element-populated\">\n\t\t\t\t\t\t<div class=\"elementor-element elementor-element-5a9e2d6 elementor-widget elementor-widget-text-editor\" data-id=\"5a9e2d6\" data-element_type=\"widget\" data-widget_type=\"text-editor.default\">\n\t\t\t\t<div class=\"elementor-widget-container\">\n\t\t\t\t\t\t\t<h3><a href=\"http:\/\/www.poradnahygge.cz\/en\/psychologicke-poradenstvi\/\">Psychological Counseling<\/a><\/h3>\nPsychological support is a suitable form of help and support for people experiencing difficult life situations and crises. We recommend this form of work if you do not suffer from a mental disorder but need support in dealing with persistent problems.\t\t\t\t\t\t<\/div>\n\t\t\t\t<\/div>\n\t\t\t\t\t<\/div>\n\t\t<\/div>\n\t\t\t\t\t<\/div>\n\t\t<\/section>\n\t\t\t\t<section class=\"elementor-section elementor-top-section elementor-element elementor-element-0a2f68e elementor-section-stretched elementor-section-boxed elementor-section-height-default elementor-section-height-default\" data-id=\"0a2f68e\" data-element_type=\"section\" data-settings=\"{&quot;stretch_section&quot;:&quot;section-stretched&quot;,&quot;_ha_eqh_enable&quot;:false}\">\n\t\t\t\t\t\t<div class=\"elementor-container elementor-column-gap-wider\">\n\t\t\t\t\t<div class=\"elementor-column elementor-col-50 elementor-top-column elementor-element elementor-element-02feb63\" data-id=\"02feb63\" data-element_type=\"column\">\n\t\t\t<div class=\"elementor-widget-wrap elementor-element-populated\">\n\t\t\t\t\t\t<div class=\"elementor-element elementor-element-8c41f70 elementor-widget elementor-widget-image\" data-id=\"8c41f70\" data-element_type=\"widget\" data-widget_type=\"image.default\">\n\t\t\t\t<div class=\"elementor-widget-container\">\n\t\t\t\t\t\t\t\t\t\t\t\t\t<img decoding=\"async\" width=\"1024\" height=\"683\" src=\"https:\/\/www.poradnahygge.cz\/wp-content\/uploads\/2024\/01\/candid-shot-young-man-glasses-talking-about-his-problems-during-psychological-therapy-session-sitting-coach-while-mature-female-psychologist-with-copybook-listening-him-making--1024x683.jpg\" class=\"attachment-large size-large wp-image-979\" alt=\"\" srcset=\"https:\/\/www.poradnahygge.cz\/wp-content\/uploads\/2024\/01\/candid-shot-young-man-glasses-talking-about-his-problems-during-psychological-therapy-session-sitting-coach-while-mature-female-psychologist-with-copybook-listening-him-making--1024x683.jpg 1024w, https:\/\/www.poradnahygge.cz\/wp-content\/uploads\/2024\/01\/candid-shot-young-man-glasses-talking-about-his-problems-during-psychological-therapy-session-sitting-coach-while-mature-female-psychologist-with-copybook-listening-him-making--300x200.jpg 300w, https:\/\/www.poradnahygge.cz\/wp-content\/uploads\/2024\/01\/candid-shot-young-man-glasses-talking-about-his-problems-during-psychological-therapy-session-sitting-coach-while-mature-female-psychologist-with-copybook-listening-him-making--768x512.jpg 768w, https:\/\/www.poradnahygge.cz\/wp-content\/uploads\/2024\/01\/candid-shot-young-man-glasses-talking-about-his-problems-during-psychological-therapy-session-sitting-coach-while-mature-female-psychologist-with-copybook-listening-him-making--1536x1024.jpg 1536w, https:\/\/www.poradnahygge.cz\/wp-content\/uploads\/2024\/01\/candid-shot-young-man-glasses-talking-about-his-problems-during-psychological-therapy-session-sitting-coach-while-mature-female-psychologist-with-copybook-listening-him-making--2048x1365.jpg 2048w\" sizes=\"(max-width: 1024px) 100vw, 1024px\" \/>\t\t\t\t\t\t\t\t\t\t\t\t\t<\/div>\n\t\t\t\t<\/div>\n\t\t\t\t\t<\/div>\n\t\t<\/div>\n\t\t\t\t<div class=\"elementor-column elementor-col-50 elementor-top-column elementor-element elementor-element-018f491\" data-id=\"018f491\" data-element_type=\"column\">\n\t\t\t<div class=\"elementor-widget-wrap elementor-element-populated\">\n\t\t\t\t\t\t<div class=\"elementor-element elementor-element-1e268f2 elementor-widget elementor-widget-text-editor\" data-id=\"1e268f2\" data-element_type=\"widget\" data-widget_type=\"text-editor.default\">\n\t\t\t\t<div class=\"elementor-widget-container\">\n\t\t\t\t\t\t\t<h3><a href=\"http:\/\/www.poradnahygge.cz\/en\/psychoterapie\/\">Psychotherapy<\/a><\/h3>\nPsychotherapy is a scientifically proven and effective method of treating mental disorders. It helps change deeply ingrained patterns of behavior, thinking, and feeling. We recommend this form of help if you experience symptoms of anxiety, depression, or other mental problems. \t\t\t\t\t\t<\/div>\n\t\t\t\t<\/div>\n\t\t\t\t\t<\/div>\n\t\t<\/div>\n\t\t\t\t\t<\/div>\n\t\t<\/section>\n\t\t\t\t<section class=\"elementor-section elementor-top-section elementor-element elementor-element-bc94894 elementor-section-stretched elementor-section-boxed elementor-section-height-default elementor-section-height-default\" data-id=\"bc94894\" data-element_type=\"section\" data-settings=\"{&quot;stretch_section&quot;:&quot;section-stretched&quot;,&quot;_ha_eqh_enable&quot;:false}\">\n\t\t\t\t\t\t<div class=\"elementor-container elementor-column-gap-wider\">\n\t\t\t\t\t<div class=\"elementor-column elementor-col-50 elementor-top-column elementor-element elementor-element-405025f\" data-id=\"405025f\" data-element_type=\"column\">\n\t\t\t<div class=\"elementor-widget-wrap elementor-element-populated\">\n\t\t\t\t\t\t<div class=\"elementor-element elementor-element-c5d89e7 elementor-widget elementor-widget-image\" data-id=\"c5d89e7\" data-element_type=\"widget\" data-widget_type=\"image.default\">\n\t\t\t\t<div class=\"elementor-widget-container\">\n\t\t\t\t\t\t\t\t\t\t\t\t\t<img loading=\"lazy\" decoding=\"async\" width=\"1024\" height=\"577\" src=\"https:\/\/www.poradnahygge.cz\/wp-content\/uploads\/2024\/01\/medium-shot-people-sitting-circle-scaled-e1706536746989-1024x577.jpg\" class=\"attachment-large size-large wp-image-978\" alt=\"\" srcset=\"https:\/\/www.poradnahygge.cz\/wp-content\/uploads\/2024\/01\/medium-shot-people-sitting-circle-scaled-e1706536746989-1024x577.jpg 1024w, https:\/\/www.poradnahygge.cz\/wp-content\/uploads\/2024\/01\/medium-shot-people-sitting-circle-scaled-e1706536746989-300x169.jpg 300w, https:\/\/www.poradnahygge.cz\/wp-content\/uploads\/2024\/01\/medium-shot-people-sitting-circle-scaled-e1706536746989-768x433.jpg 768w, https:\/\/www.poradnahygge.cz\/wp-content\/uploads\/2024\/01\/medium-shot-people-sitting-circle-scaled-e1706536746989-1536x865.jpg 1536w, https:\/\/www.poradnahygge.cz\/wp-content\/uploads\/2024\/01\/medium-shot-people-sitting-circle-scaled-e1706536746989-2048x1154.jpg 2048w\" sizes=\"(max-width: 1024px) 100vw, 1024px\" \/>\t\t\t\t\t\t\t\t\t\t\t\t\t<\/div>\n\t\t\t\t<\/div>\n\t\t\t\t\t<\/div>\n\t\t<\/div>\n\t\t\t\t<div class=\"elementor-column elementor-col-50 elementor-top-column elementor-element elementor-element-27a6914\" data-id=\"27a6914\" data-element_type=\"column\">\n\t\t\t<div class=\"elementor-widget-wrap elementor-element-populated\">\n\t\t\t\t\t\t<div class=\"elementor-element elementor-element-a4ec888 elementor-widget elementor-widget-text-editor\" data-id=\"a4ec888\" data-element_type=\"widget\" data-widget_type=\"text-editor.default\">\n\t\t\t\t<div class=\"elementor-widget-container\">\n\t\t\t\t\t\t\t<h3><a href=\"http:\/\/www.poradnahygge.cz\/en\/skupinova-psychoterapie\/\">Group Psychotherapy<\/a><\/h3>\nGroup therapy involves the therapist meeting with clients in a small group (usually 5-10 people) with similar problems. These groups can be focused on various topics such as depression, anxiety, addictions, intergenerational issues, or trauma. \t\t\t\t\t\t<\/div>\n\t\t\t\t<\/div>\n\t\t\t\t\t<\/div>\n\t\t<\/div>\n\t\t\t\t\t<\/div>\n\t\t<\/section>\n\t\t\t\t<\/div>\n\t\t","protected":false},"excerpt":{"rendered":"<p>JAK POM\u00c1H\u00c1ME Konzultace Konzultace je prvn\u00ed rozhovor (nebo n\u011bkolik prvn\u00edch) s psychologem, kter\u00fd m\u00e1 za \u00fakol porozum\u011bt va\u0161im pot\u0159eb\u00e1m a navrhnout pro v\u00e1s nej\u00fa\u010dinn\u011bj\u0161\u00ed formu pr\u00e1ce. Konzultace m\u016f\u017ee p\u0159edch\u00e1zet zah\u00e1jen\u00ed pravideln\u00e9 terapie. M\u016f\u017ee b\u00fdt tak\u00e9 samostatnou formou pomoci. Psychologick\u00e9 poradenstv\u00ed Psychologick\u00e1 podpora je vhodn\u00e1 forma pomoci a podpory ur\u010den\u00e1 lidem, kte\u0159\u00ed pro\u017e\u00edvaj\u00ed n\u00e1ro\u010dn\u00e9 \u017eivotn\u00ed situace &#8230; <a title=\"Jak pom\u00e1h\u00e1me\" class=\"read-more\" href=\"https:\/\/www.poradnahygge.cz\/jak-pomahame\/\" aria-label=\"More on Jak pom\u00e1h\u00e1me\">Read more<\/a><\/p>\n","protected":false},"author":1,"featured_media":0,"parent":0,"menu_order":0,"comment_status":"closed","ping_status":"closed","template":"","meta":{"_acf_changed":false,"inline_featured_image":false,"footnotes":""},"class_list":["post-876","page","type-page","status-publish"],"acf":[],"yoast_head":"<!-- This site is optimized with the Yoast SEO plugin v23.7 - https:\/\/yoast.com\/wordpress\/plugins\/seo\/ -->\n<title>Jak pom\u00e1h\u00e1me<\/title>\n<meta name=\"description\" content=\"JAK POM\u00c1H\u00c1ME KonzultaceKonzultace je prvn\u00ed rozhovor (nebo n\u011bkolik prvn\u00edch) s psychologem, kter\u00fd m\u00e1 za \u00fakol porozum\u011bt va\u0161im pot\u0159eb\u00e1m a navrhnout pro v\u00e1s nej\u00fa\u010dinn\u011bj\u0161\u00ed formu pr\u00e1ce. Konzultace m\u016f\u017ee p\u0159edch\u00e1zet zah\u00e1jen\u00ed pravideln\u00e9 terapie. M\u016f\u017ee b\u00fdt tak\u00e9 samostatnou formou pomoci. Psychologick\u00e9 poradenstv\u00edPsychologick\u00e1 podpora je vhodn\u00e1 forma pomoci a podpory ur\u010den\u00e1 lidem, kte\u0159\u00ed pro\u017e\u00edvaj\u00ed n\u00e1ro\u010dn\u00e9 \u017eivotn\u00ed situace a krize.\u00a0Tuto&hellip;\" \/>\n<meta name=\"robots\" content=\"index, follow, max-snippet:-1, max-image-preview:large, max-video-preview:-1\" \/>\n<link rel=\"canonical\" href=\"https:\/\/www.poradnahygge.cz\/jak-pomahame\/\" \/>\n<meta property=\"og:locale\" content=\"en_GB\" \/>\n<meta property=\"og:type\" content=\"article\" \/>\n<meta property=\"og:title\" content=\"Jak pom\u00e1h\u00e1me\" \/>\n<meta property=\"og:description\" content=\"JAK POM\u00c1H\u00c1ME KonzultaceKonzultace je prvn\u00ed rozhovor (nebo n\u011bkolik prvn\u00edch) s psychologem, kter\u00fd m\u00e1 za \u00fakol porozum\u011bt va\u0161im pot\u0159eb\u00e1m a navrhnout pro v\u00e1s nej\u00fa\u010dinn\u011bj\u0161\u00ed formu pr\u00e1ce. Konzultace m\u016f\u017ee p\u0159edch\u00e1zet zah\u00e1jen\u00ed pravideln\u00e9 terapie. M\u016f\u017ee b\u00fdt tak\u00e9 samostatnou formou pomoci. Psychologick\u00e9 poradenstv\u00edPsychologick\u00e1 podpora je vhodn\u00e1 forma pomoci a podpory ur\u010den\u00e1 lidem, kte\u0159\u00ed pro\u017e\u00edvaj\u00ed n\u00e1ro\u010dn\u00e9 \u017eivotn\u00ed situace a krize.\u00a0Tuto&hellip;\" \/>\n<meta property=\"og:url\" content=\"https:\/\/www.poradnahygge.cz\/jak-pomahame\/\" \/>\n<meta property=\"og:site_name\" content=\"Hygge - psychologick\u00e1 poradna\" \/>\n<meta property=\"article:modified_time\" content=\"2024-10-31T12:31:49+00:00\" \/>\n<meta property=\"og:image\" content=\"http:\/\/www.poradnahygge.cz\/wp-content\/uploads\/2023\/06\/woman-with-hands-together-talking-with-counselor-scaled-e1685626137373-1024x683.jpg\" \/>\n<meta name=\"twitter:card\" content=\"summary_large_image\" \/>\n<meta name=\"twitter:label1\" content=\"Estimated reading time\" \/>\n\t<meta name=\"twitter:data1\" content=\"2 minutes\" \/>\n<script type=\"application\/ld+json\" class=\"yoast-schema-graph\">{\"@context\":\"https:\/\/schema.org\",\"@graph\":[{\"@type\":\"WebPage\",\"@id\":\"https:\/\/www.poradnahygge.cz\/jak-pomahame\/\",\"url\":\"https:\/\/www.poradnahygge.cz\/jak-pomahame\/\",\"name\":\"Jak pom\u00e1h\u00e1me | Hygge - psychologick\u00e1 poradna\",\"isPartOf\":{\"@id\":\"\/#website\"},\"primaryImageOfPage\":{\"@id\":\"https:\/\/www.poradnahygge.cz\/jak-pomahame\/#primaryimage\"},\"image\":{\"@id\":\"https:\/\/www.poradnahygge.cz\/jak-pomahame\/#primaryimage\"},\"thumbnailUrl\":\"http:\/\/www.poradnahygge.cz\/wp-content\/uploads\/2023\/06\/woman-with-hands-together-talking-with-counselor-scaled-e1685626137373-1024x683.jpg\",\"datePublished\":\"2023-06-01T14:45:46+00:00\",\"dateModified\":\"2024-10-31T12:31:49+00:00\",\"breadcrumb\":{\"@id\":\"https:\/\/www.poradnahygge.cz\/jak-pomahame\/#breadcrumb\"},\"inLanguage\":\"en-GB\",\"potentialAction\":[{\"@type\":\"ReadAction\",\"target\":[\"https:\/\/www.poradnahygge.cz\/jak-pomahame\/\"]}]},{\"@type\":\"ImageObject\",\"inLanguage\":\"en-GB\",\"@id\":\"https:\/\/www.poradnahygge.cz\/jak-pomahame\/#primaryimage\",\"url\":\"https:\/\/www.poradnahygge.cz\/wp-content\/uploads\/2023\/06\/woman-with-hands-together-talking-with-counselor-scaled-e1685626137373.jpg\",\"contentUrl\":\"https:\/\/www.poradnahygge.cz\/wp-content\/uploads\/2023\/06\/woman-with-hands-together-talking-with-counselor-scaled-e1685626137373.jpg\",\"width\":1900,\"height\":1268},{\"@type\":\"BreadcrumbList\",\"@id\":\"https:\/\/www.poradnahygge.cz\/jak-pomahame\/#breadcrumb\",\"itemListElement\":[{\"@type\":\"ListItem\",\"position\":1,\"name\":\"\u00davod\",\"item\":\"https:\/\/www.poradnahygge.cz\/\"},{\"@type\":\"ListItem\",\"position\":2,\"name\":\"Jak pom\u00e1h\u00e1me\"}]},{\"@type\":\"WebSite\",\"@id\":\"\/#website\",\"url\":\"\/\",\"name\":\"Hygge - psychologick\u00e1 poradna\",\"description\":\"\",\"publisher\":{\"@id\":\"\/#organization\"},\"potentialAction\":[{\"@type\":\"SearchAction\",\"target\":{\"@type\":\"EntryPoint\",\"urlTemplate\":\"\/?s={search_term_string}\"},\"query-input\":{\"@type\":\"PropertyValueSpecification\",\"valueRequired\":true,\"valueName\":\"search_term_string\"}}],\"inLanguage\":\"en-GB\"},{\"@type\":\"Organization\",\"@id\":\"\/#organization\",\"name\":\"Hygge - psychologick\u00e1 poradna\",\"url\":\"\/\",\"logo\":{\"@type\":\"ImageObject\",\"inLanguage\":\"en-GB\",\"@id\":\"\/#\/schema\/logo\/image\/\",\"url\":\"https:\/\/www.poradnahygge.cz\/wp-content\/uploads\/2023\/05\/2023-05-logo-hyge-2.svg\",\"contentUrl\":\"https:\/\/www.poradnahygge.cz\/wp-content\/uploads\/2023\/05\/2023-05-logo-hyge-2.svg\",\"width\":225,\"height\":61,\"caption\":\"Hygge - psychologick\u00e1 poradna\"},\"image\":{\"@id\":\"\/#\/schema\/logo\/image\/\"}}]}<\/script>\n<!-- \/ Yoast SEO plugin. -->","yoast_head_json":{"title":"Jak pom\u00e1h\u00e1me","description":"JAK POM\u00c1H\u00c1ME KonzultaceKonzultace je prvn\u00ed rozhovor (nebo n\u011bkolik prvn\u00edch) s psychologem, kter\u00fd m\u00e1 za \u00fakol porozum\u011bt va\u0161im pot\u0159eb\u00e1m a navrhnout pro v\u00e1s nej\u00fa\u010dinn\u011bj\u0161\u00ed formu pr\u00e1ce. Konzultace m\u016f\u017ee p\u0159edch\u00e1zet zah\u00e1jen\u00ed pravideln\u00e9 terapie. M\u016f\u017ee b\u00fdt tak\u00e9 samostatnou formou pomoci. Psychologick\u00e9 poradenstv\u00edPsychologick\u00e1 podpora je vhodn\u00e1 forma pomoci a podpory ur\u010den\u00e1 lidem, kte\u0159\u00ed pro\u017e\u00edvaj\u00ed n\u00e1ro\u010dn\u00e9 \u017eivotn\u00ed situace a krize.\u00a0Tuto&hellip;","robots":{"index":"index","follow":"follow","max-snippet":"max-snippet:-1","max-image-preview":"max-image-preview:large","max-video-preview":"max-video-preview:-1"},"canonical":"https:\/\/www.poradnahygge.cz\/jak-pomahame\/","og_locale":"en_GB","og_type":"article","og_title":"Jak pom\u00e1h\u00e1me","og_description":"JAK POM\u00c1H\u00c1ME KonzultaceKonzultace je prvn\u00ed rozhovor (nebo n\u011bkolik prvn\u00edch) s psychologem, kter\u00fd m\u00e1 za \u00fakol porozum\u011bt va\u0161im pot\u0159eb\u00e1m a navrhnout pro v\u00e1s nej\u00fa\u010dinn\u011bj\u0161\u00ed formu pr\u00e1ce. Konzultace m\u016f\u017ee p\u0159edch\u00e1zet zah\u00e1jen\u00ed pravideln\u00e9 terapie. M\u016f\u017ee b\u00fdt tak\u00e9 samostatnou formou pomoci. Psychologick\u00e9 poradenstv\u00edPsychologick\u00e1 podpora je vhodn\u00e1 forma pomoci a podpory ur\u010den\u00e1 lidem, kte\u0159\u00ed pro\u017e\u00edvaj\u00ed n\u00e1ro\u010dn\u00e9 \u017eivotn\u00ed situace a krize.\u00a0Tuto&hellip;","og_url":"https:\/\/www.poradnahygge.cz\/jak-pomahame\/","og_site_name":"Hygge - psychologick\u00e1 poradna","article_modified_time":"2024-10-31T12:31:49+00:00","og_image":[{"url":"http:\/\/www.poradnahygge.cz\/wp-content\/uploads\/2023\/06\/woman-with-hands-together-talking-with-counselor-scaled-e1685626137373-1024x683.jpg"}],"twitter_card":"summary_large_image","twitter_misc":{"Estimated reading time":"2 minutes"},"schema":{"@context":"https:\/\/schema.org","@graph":[{"@type":"WebPage","@id":"https:\/\/www.poradnahygge.cz\/jak-pomahame\/","url":"https:\/\/www.poradnahygge.cz\/jak-pomahame\/","name":"Jak pom\u00e1h\u00e1me | Hygge - psychologick\u00e1 poradna","isPartOf":{"@id":"\/#website"},"primaryImageOfPage":{"@id":"https:\/\/www.poradnahygge.cz\/jak-pomahame\/#primaryimage"},"image":{"@id":"https:\/\/www.poradnahygge.cz\/jak-pomahame\/#primaryimage"},"thumbnailUrl":"http:\/\/www.poradnahygge.cz\/wp-content\/uploads\/2023\/06\/woman-with-hands-together-talking-with-counselor-scaled-e1685626137373-1024x683.jpg","datePublished":"2023-06-01T14:45:46+00:00","dateModified":"2024-10-31T12:31:49+00:00","breadcrumb":{"@id":"https:\/\/www.poradnahygge.cz\/jak-pomahame\/#breadcrumb"},"inLanguage":"en-GB","potentialAction":[{"@type":"ReadAction","target":["https:\/\/www.poradnahygge.cz\/jak-pomahame\/"]}]},{"@type":"ImageObject","inLanguage":"en-GB","@id":"https:\/\/www.poradnahygge.cz\/jak-pomahame\/#primaryimage","url":"https:\/\/www.poradnahygge.cz\/wp-content\/uploads\/2023\/06\/woman-with-hands-together-talking-with-counselor-scaled-e1685626137373.jpg","contentUrl":"https:\/\/www.poradnahygge.cz\/wp-content\/uploads\/2023\/06\/woman-with-hands-together-talking-with-counselor-scaled-e1685626137373.jpg","width":1900,"height":1268},{"@type":"BreadcrumbList","@id":"https:\/\/www.poradnahygge.cz\/jak-pomahame\/#breadcrumb","itemListElement":[{"@type":"ListItem","position":1,"name":"\u00davod","item":"https:\/\/www.poradnahygge.cz\/"},{"@type":"ListItem","position":2,"name":"Jak pom\u00e1h\u00e1me"}]},{"@type":"WebSite","@id":"\/#website","url":"\/","name":"Hygge - psychologick\u00e1 poradna","description":"","publisher":{"@id":"\/#organization"},"potentialAction":[{"@type":"SearchAction","target":{"@type":"EntryPoint","urlTemplate":"\/?s={search_term_string}"},"query-input":{"@type":"PropertyValueSpecification","valueRequired":true,"valueName":"search_term_string"}}],"inLanguage":"en-GB"},{"@type":"Organization","@id":"\/#organization","name":"Hygge - psychologick\u00e1 poradna","url":"\/","logo":{"@type":"ImageObject","inLanguage":"en-GB","@id":"\/#\/schema\/logo\/image\/","url":"https:\/\/www.poradnahygge.cz\/wp-content\/uploads\/2023\/05\/2023-05-logo-hyge-2.svg","contentUrl":"https:\/\/www.poradnahygge.cz\/wp-content\/uploads\/2023\/05\/2023-05-logo-hyge-2.svg","width":225,"height":61,"caption":"Hygge - psychologick\u00e1 poradna"},"image":{"@id":"\/#\/schema\/logo\/image\/"}}]}},"_links":{"self":[{"href":"https:\/\/www.poradnahygge.cz\/wp-json\/wp\/v2\/pages\/876","targetHints":{"allow":["GET"]}}],"collection":[{"href":"https:\/\/www.poradnahygge.cz\/wp-json\/wp\/v2\/pages"}],"about":[{"href":"https:\/\/www.poradnahygge.cz\/wp-json\/wp\/v2\/types\/page"}],"author":[{"embeddable":true,"href":"https:\/\/www.poradnahygge.cz\/wp-json\/wp\/v2\/users\/1"}],"replies":[{"embeddable":true,"href":"https:\/\/www.poradnahygge.cz\/wp-json\/wp\/v2\/comments?post=876"}],"version-history":[{"count":28,"href":"https:\/\/www.poradnahygge.cz\/wp-json\/wp\/v2\/pages\/876\/revisions"}],"predecessor-version":[{"id":1181,"href":"https:\/\/www.poradnahygge.cz\/wp-json\/wp\/v2\/pages\/876\/revisions\/1181"}],"wp:attachment":[{"href":"https:\/\/www.poradnahygge.cz\/wp-json\/wp\/v2\/media?parent=876"}],"curies":[{"name":"wp","href":"https:\/\/api.w.org\/{rel}","templated":true}]}}