{"id":847,"date":"2023-06-01T16:22:30","date_gmt":"2023-06-01T14:22:30","guid":{"rendered":"http:\/\/www.poradnahygge.cz\/?page_id=847"},"modified":"2025-09-11T10:07:33","modified_gmt":"2025-09-11T08:07:33","slug":"cenik","status":"publish","type":"page","link":"https:\/\/www.poradnahygge.cz\/cenik\/","title":{"rendered":"Cen\u00edk"},"content":{"rendered":"\t\t<div data-elementor-type=\"wp-page\" data-elementor-id=\"847\" class=\"elementor elementor-847\">\n\t\t\t\t\t\t<section class=\"elementor-section elementor-top-section elementor-element elementor-element-62efc12 elementor-section-stretched uvod-top elementor-section-boxed elementor-section-height-default elementor-section-height-default\" data-id=\"62efc12\" data-element_type=\"section\" data-settings=\"{&quot;stretch_section&quot;:&quot;section-stretched&quot;,&quot;background_background&quot;:&quot;classic&quot;,&quot;_ha_eqh_enable&quot;:false}\">\n\t\t\t\t\t\t\t<div class=\"elementor-background-overlay\"><\/div>\n\t\t\t\t\t\t\t<div class=\"elementor-container elementor-column-gap-wider\">\n\t\t\t\t\t<div class=\"elementor-column elementor-col-100 elementor-top-column elementor-element elementor-element-d86f64a\" data-id=\"d86f64a\" data-element_type=\"column\">\n\t\t\t<div class=\"elementor-widget-wrap elementor-element-populated\">\n\t\t\t\t\t\t<div class=\"elementor-element elementor-element-3097e33 elementor-widget elementor-widget-text-editor\" data-id=\"3097e33\" data-element_type=\"widget\" data-widget_type=\"text-editor.default\">\n\t\t\t\t<div class=\"elementor-widget-container\">\n\t\t\t\t\t\t\t<h1>PRICING<\/h1>\t\t\t\t\t\t<\/div>\n\t\t\t\t<\/div>\n\t\t\t\t\t<\/div>\n\t\t<\/div>\n\t\t\t\t\t<\/div>\n\t\t<\/section>\n\t\t\t\t<section class=\"elementor-section elementor-top-section elementor-element elementor-element-30898e0 elementor-section-stretched elementor-section-boxed elementor-section-height-default elementor-section-height-default\" data-id=\"30898e0\" data-element_type=\"section\" data-settings=\"{&quot;stretch_section&quot;:&quot;section-stretched&quot;,&quot;_ha_eqh_enable&quot;:false}\">\n\t\t\t\t\t\t<div class=\"elementor-container elementor-column-gap-wider\">\n\t\t\t\t\t<div class=\"elementor-column elementor-col-50 elementor-top-column elementor-element elementor-element-e2b9266\" data-id=\"e2b9266\" data-element_type=\"column\">\n\t\t\t<div class=\"elementor-widget-wrap elementor-element-populated\">\n\t\t\t\t\t\t<div class=\"elementor-element elementor-element-95819e0 elementor-widget elementor-widget-text-editor\" data-id=\"95819e0\" data-element_type=\"widget\" data-widget_type=\"text-editor.default\">\n\t\t\t\t<div class=\"elementor-widget-container\">\n\t\t\t\t\t\t\t<h3 style=\"text-align: center;\">Consultations<\/h3><p style=\"text-align: center;\">1000 CZK \/ 50 minutes<\/p>\t\t\t\t\t\t<\/div>\n\t\t\t\t<\/div>\n\t\t\t\t\t<\/div>\n\t\t<\/div>\n\t\t\t\t<div class=\"elementor-column elementor-col-50 elementor-top-column elementor-element elementor-element-05b127a\" data-id=\"05b127a\" data-element_type=\"column\">\n\t\t\t<div class=\"elementor-widget-wrap elementor-element-populated\">\n\t\t\t\t\t\t<div class=\"elementor-element elementor-element-cbf90e9 elementor-widget elementor-widget-text-editor\" data-id=\"cbf90e9\" data-element_type=\"widget\" data-widget_type=\"text-editor.default\">\n\t\t\t\t<div class=\"elementor-widget-container\">\n\t\t\t\t\t\t\t<h3 style=\"text-align: center;\">Psychological Counseling<\/h3><p style=\"text-align: center;\">1000 CZK \/ 50 minutes<\/p>\t\t\t\t\t\t<\/div>\n\t\t\t\t<\/div>\n\t\t\t\t\t<\/div>\n\t\t<\/div>\n\t\t\t\t\t<\/div>\n\t\t<\/section>\n\t\t\t\t<section class=\"elementor-section elementor-top-section elementor-element elementor-element-70cc16f elementor-section-stretched elementor-section-boxed elementor-section-height-default elementor-section-height-default\" data-id=\"70cc16f\" data-element_type=\"section\" data-settings=\"{&quot;stretch_section&quot;:&quot;section-stretched&quot;,&quot;_ha_eqh_enable&quot;:false}\">\n\t\t\t\t\t\t<div class=\"elementor-container elementor-column-gap-wider\">\n\t\t\t\t\t<div class=\"elementor-column elementor-col-50 elementor-top-column elementor-element elementor-element-5e3845f\" data-id=\"5e3845f\" data-element_type=\"column\">\n\t\t\t<div class=\"elementor-widget-wrap elementor-element-populated\">\n\t\t\t\t\t\t<div class=\"elementor-element elementor-element-fc28966 elementor-widget elementor-widget-text-editor\" data-id=\"fc28966\" data-element_type=\"widget\" data-widget_type=\"text-editor.default\">\n\t\t\t\t<div class=\"elementor-widget-container\">\n\t\t\t\t\t\t\t<h3 style=\"text-align: center;\">Psychotherapy<\/h3><p style=\"text-align: center;\">1000 CZK \/ 50 minutes<\/p>\t\t\t\t\t\t<\/div>\n\t\t\t\t<\/div>\n\t\t\t\t\t<\/div>\n\t\t<\/div>\n\t\t\t\t<div class=\"elementor-column elementor-col-50 elementor-top-column elementor-element elementor-element-d3aecb7\" data-id=\"d3aecb7\" data-element_type=\"column\">\n\t\t\t<div class=\"elementor-widget-wrap elementor-element-populated\">\n\t\t\t\t\t\t<div class=\"elementor-element elementor-element-f1758f3 elementor-widget elementor-widget-text-editor\" data-id=\"f1758f3\" data-element_type=\"widget\" data-widget_type=\"text-editor.default\">\n\t\t\t\t<div class=\"elementor-widget-container\">\n\t\t\t\t\t\t\t<h3 style=\"text-align: center;\">Group Psychotherapy<\/h3><p style=\"text-align: center;\">500 CZK \/ 50 minutes<\/p>\t\t\t\t\t\t<\/div>\n\t\t\t\t<\/div>\n\t\t\t\t\t<\/div>\n\t\t<\/div>\n\t\t\t\t\t<\/div>\n\t\t<\/section>\n\t\t\t\t<section class=\"elementor-section elementor-top-section elementor-element elementor-element-05160a9 elementor-section-stretched elementor-section-boxed elementor-section-height-default elementor-section-height-default\" data-id=\"05160a9\" data-element_type=\"section\" data-settings=\"{&quot;stretch_section&quot;:&quot;section-stretched&quot;,&quot;_ha_eqh_enable&quot;:false}\">\n\t\t\t\t\t\t<div class=\"elementor-container elementor-column-gap-default\">\n\t\t\t\t\t<div class=\"elementor-column elementor-col-100 elementor-top-column elementor-element elementor-element-4cf5745\" data-id=\"4cf5745\" data-element_type=\"column\">\n\t\t\t<div class=\"elementor-widget-wrap elementor-element-populated\">\n\t\t\t\t\t\t<div class=\"elementor-element elementor-element-30753a2 elementor-widget elementor-widget-text-editor\" data-id=\"30753a2\" data-element_type=\"widget\" data-widget_type=\"text-editor.default\">\n\t\t\t\t<div class=\"elementor-widget-container\">\n\t\t\t\t\t\t\t<p>All provided consultations are paid by the client; services covered by insurance are not offered. Payment can be made in cash or by bank transfer. We ask you to book appointments with our specialists thoughtfully. An agreed and confirmed appointment is considered binding. Appointments can be canceled\/rescheduled free of charge at least 24 hours before the agreed time. Otherwise, the client is obliged to pay the full price. Thank you for your punctuality, understanding, and courtesy towards others.<\/p>\t\t\t\t\t\t<\/div>\n\t\t\t\t<\/div>\n\t\t\t\t\t<\/div>\n\t\t<\/div>\n\t\t\t\t\t<\/div>\n\t\t<\/section>\n\t\t\t\t<\/div>\n\t\t","protected":false},"excerpt":{"rendered":"<p>CEN\u00cdK Konzultace 1000 K\u010d \/ 50 minut Psychologick\u00e9 poradenstv\u00ed 1000 K\u010d \/ 50 minut Psychoterapie 1000 K\u010d \/ 50 minut P\u00e1rov\u00e1 psychoterapie 1500 K\u010d \/ 50 minut Ve\u0161ker\u00e9 poskytovan\u00e9 konzultace jsou hrazen\u00e9 klientem, slu\u017eby hrazen\u00e9 poji\u0161\u0165ovnou neposkytujeme. Platba je mo\u017en\u00e1 v hotovosti nebo bankovn\u00edm p\u0159evodem. Pros\u00edme v\u00e1s, abyste si sch\u016fzky s na\u0161imi odborn\u00edky rezervovali s &#8230; <a title=\"Cen\u00edk\" class=\"read-more\" href=\"https:\/\/www.poradnahygge.cz\/cenik\/\" aria-label=\"More on Cen\u00edk\">Read more<\/a><\/p>\n","protected":false},"author":1,"featured_media":0,"parent":0,"menu_order":0,"comment_status":"closed","ping_status":"closed","template":"","meta":{"_acf_changed":false,"inline_featured_image":false,"footnotes":""},"class_list":["post-847","page","type-page","status-publish"],"acf":[],"yoast_head":"<!-- This site is optimized with the Yoast SEO plugin v23.7 - https:\/\/yoast.com\/wordpress\/plugins\/seo\/ -->\n<title>Cen\u00edk<\/title>\n<meta name=\"description\" content=\"CEN\u00cdKKonzultace1000 K\u010d \/ 50 minutPsychologick\u00e9 poradenstv\u00ed1000 K\u010d \/ 50 minutPsychoterapie1000 K\u010d \/ 50 minutP\u00e1rov\u00e1 psychoterapie1500 K\u010d \/ 50 minutVe\u0161ker\u00e9 poskytovan\u00e9 konzultace jsou hrazen\u00e9 klientem, slu\u017eby hrazen\u00e9 poji\u0161\u0165ovnou neposkytujeme. Platba je mo\u017en\u00e1 v hotovosti nebo bankovn\u00edm p\u0159evodem.Pros\u00edme v\u00e1s, abyste si sch\u016fzky s na\u0161imi odborn\u00edky rezervovali s rozmyslem. Dohodnut\u00fd a odsouhlasen\u00fd term\u00edn je pokl\u00e1d\u00e1n za z\u00e1vazn\u00fd.Sch\u016fzku lze&hellip;\" \/>\n<meta name=\"robots\" content=\"index, follow, max-snippet:-1, max-image-preview:large, max-video-preview:-1\" \/>\n<link rel=\"canonical\" href=\"https:\/\/www.poradnahygge.cz\/cenik\/\" \/>\n<meta property=\"og:locale\" content=\"en_GB\" \/>\n<meta property=\"og:type\" content=\"article\" \/>\n<meta property=\"og:title\" content=\"Cen\u00edk\" \/>\n<meta property=\"og:description\" content=\"CEN\u00cdKKonzultace1000 K\u010d \/ 50 minutPsychologick\u00e9 poradenstv\u00ed1000 K\u010d \/ 50 minutPsychoterapie1000 K\u010d \/ 50 minutP\u00e1rov\u00e1 psychoterapie1500 K\u010d \/ 50 minutVe\u0161ker\u00e9 poskytovan\u00e9 konzultace jsou hrazen\u00e9 klientem, slu\u017eby hrazen\u00e9 poji\u0161\u0165ovnou neposkytujeme. Platba je mo\u017en\u00e1 v hotovosti nebo bankovn\u00edm p\u0159evodem.Pros\u00edme v\u00e1s, abyste si sch\u016fzky s na\u0161imi odborn\u00edky rezervovali s rozmyslem. Dohodnut\u00fd a odsouhlasen\u00fd term\u00edn je pokl\u00e1d\u00e1n za z\u00e1vazn\u00fd.Sch\u016fzku lze&hellip;\" \/>\n<meta property=\"og:url\" content=\"https:\/\/www.poradnahygge.cz\/cenik\/\" \/>\n<meta property=\"og:site_name\" content=\"Hygge - psychologick\u00e1 poradna\" \/>\n<meta property=\"article:modified_time\" content=\"2025-09-11T08:07:33+00:00\" \/>\n<meta name=\"twitter:card\" content=\"summary_large_image\" \/>\n<meta name=\"twitter:label1\" content=\"Estimated reading time\" \/>\n\t<meta name=\"twitter:data1\" content=\"1 minute\" \/>\n<script type=\"application\/ld+json\" class=\"yoast-schema-graph\">{\"@context\":\"https:\/\/schema.org\",\"@graph\":[{\"@type\":\"WebPage\",\"@id\":\"https:\/\/www.poradnahygge.cz\/cenik\/\",\"url\":\"https:\/\/www.poradnahygge.cz\/cenik\/\",\"name\":\"Cen\u00edk | Hygge - psychologick\u00e1 poradna\",\"isPartOf\":{\"@id\":\"\/#website\"},\"datePublished\":\"2023-06-01T14:22:30+00:00\",\"dateModified\":\"2025-09-11T08:07:33+00:00\",\"breadcrumb\":{\"@id\":\"https:\/\/www.poradnahygge.cz\/cenik\/#breadcrumb\"},\"inLanguage\":\"en-GB\",\"potentialAction\":[{\"@type\":\"ReadAction\",\"target\":[\"https:\/\/www.poradnahygge.cz\/cenik\/\"]}]},{\"@type\":\"BreadcrumbList\",\"@id\":\"https:\/\/www.poradnahygge.cz\/cenik\/#breadcrumb\",\"itemListElement\":[{\"@type\":\"ListItem\",\"position\":1,\"name\":\"\u00davod\",\"item\":\"https:\/\/www.poradnahygge.cz\/\"},{\"@type\":\"ListItem\",\"position\":2,\"name\":\"Cen\u00edk\"}]},{\"@type\":\"WebSite\",\"@id\":\"\/#website\",\"url\":\"\/\",\"name\":\"Hygge - psychologick\u00e1 poradna\",\"description\":\"\",\"publisher\":{\"@id\":\"\/#organization\"},\"potentialAction\":[{\"@type\":\"SearchAction\",\"target\":{\"@type\":\"EntryPoint\",\"urlTemplate\":\"\/?s={search_term_string}\"},\"query-input\":{\"@type\":\"PropertyValueSpecification\",\"valueRequired\":true,\"valueName\":\"search_term_string\"}}],\"inLanguage\":\"en-GB\"},{\"@type\":\"Organization\",\"@id\":\"\/#organization\",\"name\":\"Hygge - psychologick\u00e1 poradna\",\"url\":\"\/\",\"logo\":{\"@type\":\"ImageObject\",\"inLanguage\":\"en-GB\",\"@id\":\"\/#\/schema\/logo\/image\/\",\"url\":\"https:\/\/www.poradnahygge.cz\/wp-content\/uploads\/2023\/05\/2023-05-logo-hyge-2.svg\",\"contentUrl\":\"https:\/\/www.poradnahygge.cz\/wp-content\/uploads\/2023\/05\/2023-05-logo-hyge-2.svg\",\"width\":225,\"height\":61,\"caption\":\"Hygge - psychologick\u00e1 poradna\"},\"image\":{\"@id\":\"\/#\/schema\/logo\/image\/\"}}]}<\/script>\n<!-- \/ Yoast SEO plugin. -->","yoast_head_json":{"title":"Cen\u00edk","description":"CEN\u00cdKKonzultace1000 K\u010d \/ 50 minutPsychologick\u00e9 poradenstv\u00ed1000 K\u010d \/ 50 minutPsychoterapie1000 K\u010d \/ 50 minutP\u00e1rov\u00e1 psychoterapie1500 K\u010d \/ 50 minutVe\u0161ker\u00e9 poskytovan\u00e9 konzultace jsou hrazen\u00e9 klientem, slu\u017eby hrazen\u00e9 poji\u0161\u0165ovnou neposkytujeme. Platba je mo\u017en\u00e1 v hotovosti nebo bankovn\u00edm p\u0159evodem.Pros\u00edme v\u00e1s, abyste si sch\u016fzky s na\u0161imi odborn\u00edky rezervovali s rozmyslem. Dohodnut\u00fd a odsouhlasen\u00fd term\u00edn je pokl\u00e1d\u00e1n za z\u00e1vazn\u00fd.Sch\u016fzku lze&hellip;","robots":{"index":"index","follow":"follow","max-snippet":"max-snippet:-1","max-image-preview":"max-image-preview:large","max-video-preview":"max-video-preview:-1"},"canonical":"https:\/\/www.poradnahygge.cz\/cenik\/","og_locale":"en_GB","og_type":"article","og_title":"Cen\u00edk","og_description":"CEN\u00cdKKonzultace1000 K\u010d \/ 50 minutPsychologick\u00e9 poradenstv\u00ed1000 K\u010d \/ 50 minutPsychoterapie1000 K\u010d \/ 50 minutP\u00e1rov\u00e1 psychoterapie1500 K\u010d \/ 50 minutVe\u0161ker\u00e9 poskytovan\u00e9 konzultace jsou hrazen\u00e9 klientem, slu\u017eby hrazen\u00e9 poji\u0161\u0165ovnou neposkytujeme. Platba je mo\u017en\u00e1 v hotovosti nebo bankovn\u00edm p\u0159evodem.Pros\u00edme v\u00e1s, abyste si sch\u016fzky s na\u0161imi odborn\u00edky rezervovali s rozmyslem. Dohodnut\u00fd a odsouhlasen\u00fd term\u00edn je pokl\u00e1d\u00e1n za z\u00e1vazn\u00fd.Sch\u016fzku lze&hellip;","og_url":"https:\/\/www.poradnahygge.cz\/cenik\/","og_site_name":"Hygge - psychologick\u00e1 poradna","article_modified_time":"2025-09-11T08:07:33+00:00","twitter_card":"summary_large_image","twitter_misc":{"Estimated reading time":"1 minute"},"schema":{"@context":"https:\/\/schema.org","@graph":[{"@type":"WebPage","@id":"https:\/\/www.poradnahygge.cz\/cenik\/","url":"https:\/\/www.poradnahygge.cz\/cenik\/","name":"Cen\u00edk | Hygge - psychologick\u00e1 poradna","isPartOf":{"@id":"\/#website"},"datePublished":"2023-06-01T14:22:30+00:00","dateModified":"2025-09-11T08:07:33+00:00","breadcrumb":{"@id":"https:\/\/www.poradnahygge.cz\/cenik\/#breadcrumb"},"inLanguage":"en-GB","potentialAction":[{"@type":"ReadAction","target":["https:\/\/www.poradnahygge.cz\/cenik\/"]}]},{"@type":"BreadcrumbList","@id":"https:\/\/www.poradnahygge.cz\/cenik\/#breadcrumb","itemListElement":[{"@type":"ListItem","position":1,"name":"\u00davod","item":"https:\/\/www.poradnahygge.cz\/"},{"@type":"ListItem","position":2,"name":"Cen\u00edk"}]},{"@type":"WebSite","@id":"\/#website","url":"\/","name":"Hygge - psychologick\u00e1 poradna","description":"","publisher":{"@id":"\/#organization"},"potentialAction":[{"@type":"SearchAction","target":{"@type":"EntryPoint","urlTemplate":"\/?s={search_term_string}"},"query-input":{"@type":"PropertyValueSpecification","valueRequired":true,"valueName":"search_term_string"}}],"inLanguage":"en-GB"},{"@type":"Organization","@id":"\/#organization","name":"Hygge - psychologick\u00e1 poradna","url":"\/","logo":{"@type":"ImageObject","inLanguage":"en-GB","@id":"\/#\/schema\/logo\/image\/","url":"https:\/\/www.poradnahygge.cz\/wp-content\/uploads\/2023\/05\/2023-05-logo-hyge-2.svg","contentUrl":"https:\/\/www.poradnahygge.cz\/wp-content\/uploads\/2023\/05\/2023-05-logo-hyge-2.svg","width":225,"height":61,"caption":"Hygge - psychologick\u00e1 poradna"},"image":{"@id":"\/#\/schema\/logo\/image\/"}}]}},"_links":{"self":[{"href":"https:\/\/www.poradnahygge.cz\/wp-json\/wp\/v2\/pages\/847","targetHints":{"allow":["GET"]}}],"collection":[{"href":"https:\/\/www.poradnahygge.cz\/wp-json\/wp\/v2\/pages"}],"about":[{"href":"https:\/\/www.poradnahygge.cz\/wp-json\/wp\/v2\/types\/page"}],"author":[{"embeddable":true,"href":"https:\/\/www.poradnahygge.cz\/wp-json\/wp\/v2\/users\/1"}],"replies":[{"embeddable":true,"href":"https:\/\/www.poradnahygge.cz\/wp-json\/wp\/v2\/comments?post=847"}],"version-history":[{"count":26,"href":"https:\/\/www.poradnahygge.cz\/wp-json\/wp\/v2\/pages\/847\/revisions"}],"predecessor-version":[{"id":1309,"href":"https:\/\/www.poradnahygge.cz\/wp-json\/wp\/v2\/pages\/847\/revisions\/1309"}],"wp:attachment":[{"href":"https:\/\/www.poradnahygge.cz\/wp-json\/wp\/v2\/media?parent=847"}],"curies":[{"name":"wp","href":"https:\/\/api.w.org\/{rel}","templated":true}]}}