{"id":810,"date":"2023-06-01T15:31:42","date_gmt":"2023-06-01T13:31:42","guid":{"rendered":"http:\/\/www.poradnahygge.cz\/?page_id=810"},"modified":"2024-10-31T13:39:49","modified_gmt":"2024-10-31T12:39:49","slug":"psychoterapie","status":"publish","type":"page","link":"https:\/\/www.poradnahygge.cz\/psychoterapie\/","title":{"rendered":"Psychoterapie"},"content":{"rendered":"\t\t<div data-elementor-type=\"wp-page\" data-elementor-id=\"810\" class=\"elementor elementor-810\">\n\t\t\t\t\t\t<section class=\"elementor-section elementor-top-section elementor-element elementor-element-62efc12 elementor-section-stretched uvod-top elementor-section-boxed elementor-section-height-default elementor-section-height-default\" data-id=\"62efc12\" data-element_type=\"section\" data-settings=\"{&quot;stretch_section&quot;:&quot;section-stretched&quot;,&quot;background_background&quot;:&quot;classic&quot;,&quot;_ha_eqh_enable&quot;:false}\">\n\t\t\t\t\t\t\t<div class=\"elementor-background-overlay\"><\/div>\n\t\t\t\t\t\t\t<div class=\"elementor-container elementor-column-gap-wider\">\n\t\t\t\t\t<div class=\"elementor-column elementor-col-50 elementor-top-column elementor-element elementor-element-d86f64a\" data-id=\"d86f64a\" data-element_type=\"column\">\n\t\t\t<div class=\"elementor-widget-wrap elementor-element-populated\">\n\t\t\t\t\t\t<div class=\"elementor-element elementor-element-3097e33 elementor-widget elementor-widget-text-editor\" data-id=\"3097e33\" data-element_type=\"widget\" data-widget_type=\"text-editor.default\">\n\t\t\t\t<div class=\"elementor-widget-container\">\n\t\t\t\t\t\t\t<h1>PSYCHOTHERAPY<\/h1>\t\t\t\t\t\t<\/div>\n\t\t\t\t<\/div>\n\t\t\t\t\t<\/div>\n\t\t<\/div>\n\t\t\t\t<div class=\"elementor-column elementor-col-50 elementor-top-column elementor-element elementor-element-3ddcdd0 animace\" data-id=\"3ddcdd0\" data-element_type=\"column\">\n\t\t\t<div class=\"elementor-widget-wrap\">\n\t\t\t\t\t\t\t<\/div>\n\t\t<\/div>\n\t\t\t\t\t<\/div>\n\t\t<\/section>\n\t\t\t\t<section class=\"elementor-section elementor-top-section elementor-element elementor-element-30898e0 elementor-section-stretched elementor-section-boxed elementor-section-height-default elementor-section-height-default\" data-id=\"30898e0\" data-element_type=\"section\" data-settings=\"{&quot;stretch_section&quot;:&quot;section-stretched&quot;,&quot;_ha_eqh_enable&quot;:false}\">\n\t\t\t\t\t\t<div class=\"elementor-container elementor-column-gap-wider\">\n\t\t\t\t\t<div class=\"elementor-column elementor-col-50 elementor-top-column elementor-element elementor-element-e2b9266\" data-id=\"e2b9266\" data-element_type=\"column\">\n\t\t\t<div class=\"elementor-widget-wrap elementor-element-populated\">\n\t\t\t\t\t\t<div class=\"elementor-element elementor-element-95819e0 elementor-widget elementor-widget-text-editor\" data-id=\"95819e0\" data-element_type=\"widget\" data-widget_type=\"text-editor.default\">\n\t\t\t\t<div class=\"elementor-widget-container\">\n\t\t\t\t\t\t\t<p>Psychotherapy is a scientifically proven and effective method of treating mental disorders. It helps change deeply ingrained patterns of behavior, thinking, and feeling. We recommend this form of help if you experience symptoms of anxiety, depression, or other mental problems. Psychotherapy is also indicated for people whose current problems have roots in a difficult past. If you are dealing with the consequences of trauma, your problems have been with you for a long time, or they recur in a certain pattern, psychotherapy will help most effectively.<\/p>\t\t\t\t\t\t<\/div>\n\t\t\t\t<\/div>\n\t\t\t\t\t<\/div>\n\t\t<\/div>\n\t\t\t\t<div class=\"elementor-column elementor-col-50 elementor-top-column elementor-element elementor-element-05b127a\" data-id=\"05b127a\" data-element_type=\"column\">\n\t\t\t<div class=\"elementor-widget-wrap elementor-element-populated\">\n\t\t\t\t\t\t<div class=\"elementor-element elementor-element-7c14f5a elementor-widget elementor-widget-text-editor\" data-id=\"7c14f5a\" data-element_type=\"widget\" data-widget_type=\"text-editor.default\">\n\t\t\t\t<div class=\"elementor-widget-container\">\n\t\t\t\t\t\t\t<h3>This includes if:<\/h3><ul><li>Your emotional states prevent you from functioning normally in daily life.<\/li><li>You are too critical of yourself.<\/li><li>You are constantly anxious.<\/li><li>You have experienced a traumatic event.<\/li><li>You cannot cope with memories.<\/li><li>You have relationship problems.<\/li><li>You are unable to establish a lasting relationship.<\/li><li>You have sexual problems.<\/li><li>You suffer from sleep disorders.<\/li><li>You feel pain or discomfort in your body that is not caused by a physical illness.<\/li><\/ul><p>The course of therapy is tailored to the client&#8217;s needs. The first visits are consultative-diagnostic: their goal is to identify the client&#8217;s problem (and its source), determine whether a particular form of help is most suitable, and clarify therapy goals.<\/p>\t\t\t\t\t\t<\/div>\n\t\t\t\t<\/div>\n\t\t\t\t\t<\/div>\n\t\t<\/div>\n\t\t\t\t\t<\/div>\n\t\t<\/section>\n\t\t\t\t<\/div>\n\t\t","protected":false},"excerpt":{"rendered":"<p>PSYCHOTERAPIE Psychoterapie je v\u011bdecky ov\u011b\u0159en\u00e1 a \u00fa\u010dinn\u00e1 metoda l\u00e9\u010dby du\u0161evn\u00edch poruch. Pom\u00e1h\u00e1 zm\u011bnit hluboce zako\u0159en\u011bn\u00e9 vzorce chov\u00e1n\u00ed, my\u0161len\u00ed a c\u00edt\u011bn\u00ed. Tuto formu pomoci v\u00e1m doporu\u010d\u00edme, pokud poci\u0165ujete p\u0159\u00edznaky \u00fazkosti, deprese nebo jin\u00fdch du\u0161evn\u00edch probl\u00e9m\u016f. Psychoterapie je indikov\u00e1na tak\u00e9 lidem, jejich\u017e sou\u010dasn\u00e9 probl\u00e9my maj\u00ed ko\u0159eny v obt\u00ed\u017en\u00e9 minulosti. Pokud se pot\u00fdk\u00e1te s n\u00e1sledky traumatu, va\u0161e probl\u00e9my &#8230; <a title=\"Psychoterapie\" class=\"read-more\" href=\"https:\/\/www.poradnahygge.cz\/psychoterapie\/\" aria-label=\"More on Psychoterapie\">Read more<\/a><\/p>\n","protected":false},"author":1,"featured_media":0,"parent":0,"menu_order":0,"comment_status":"closed","ping_status":"closed","template":"","meta":{"_acf_changed":false,"inline_featured_image":false,"footnotes":""},"class_list":["post-810","page","type-page","status-publish"],"acf":[],"yoast_head":"<!-- This site is optimized with the Yoast SEO plugin v23.7 - https:\/\/yoast.com\/wordpress\/plugins\/seo\/ -->\n<title>Psychoterapie<\/title>\n<meta name=\"description\" content=\"PSYCHOTERAPIEPsychoterapie je v\u011bdecky ov\u011b\u0159en\u00e1 a \u00fa\u010dinn\u00e1 metoda l\u00e9\u010dby du\u0161evn\u00edch poruch. Pom\u00e1h\u00e1 zm\u011bnit hluboce zako\u0159en\u011bn\u00e9 vzorce chov\u00e1n\u00ed, my\u0161len\u00ed a c\u00edt\u011bn\u00ed.Tuto formu pomoci v\u00e1m doporu\u010d\u00edme, pokud poci\u0165ujete p\u0159\u00edznaky \u00fazkosti, deprese nebo jin\u00fdch du\u0161evn\u00edch probl\u00e9m\u016f.Psychoterapie je indikov\u00e1na tak\u00e9 lidem, jejich\u017e sou\u010dasn\u00e9 probl\u00e9my maj\u00ed ko\u0159eny v obt\u00ed\u017en\u00e9 minulosti. Pokud se pot\u00fdk\u00e1te s n\u00e1sledky traumatu, va\u0161e probl\u00e9my v\u00e1s prov\u00e1zej\u00ed ji\u017e&hellip;\" \/>\n<meta name=\"robots\" content=\"index, follow, max-snippet:-1, max-image-preview:large, max-video-preview:-1\" \/>\n<link rel=\"canonical\" href=\"https:\/\/www.poradnahygge.cz\/psychoterapie\/\" \/>\n<meta property=\"og:locale\" content=\"en_GB\" \/>\n<meta property=\"og:type\" content=\"article\" \/>\n<meta property=\"og:title\" content=\"Psychoterapie\" \/>\n<meta property=\"og:description\" content=\"PSYCHOTERAPIEPsychoterapie je v\u011bdecky ov\u011b\u0159en\u00e1 a \u00fa\u010dinn\u00e1 metoda l\u00e9\u010dby du\u0161evn\u00edch poruch. Pom\u00e1h\u00e1 zm\u011bnit hluboce zako\u0159en\u011bn\u00e9 vzorce chov\u00e1n\u00ed, my\u0161len\u00ed a c\u00edt\u011bn\u00ed.Tuto formu pomoci v\u00e1m doporu\u010d\u00edme, pokud poci\u0165ujete p\u0159\u00edznaky \u00fazkosti, deprese nebo jin\u00fdch du\u0161evn\u00edch probl\u00e9m\u016f.Psychoterapie je indikov\u00e1na tak\u00e9 lidem, jejich\u017e sou\u010dasn\u00e9 probl\u00e9my maj\u00ed ko\u0159eny v obt\u00ed\u017en\u00e9 minulosti. Pokud se pot\u00fdk\u00e1te s n\u00e1sledky traumatu, va\u0161e probl\u00e9my v\u00e1s prov\u00e1zej\u00ed ji\u017e&hellip;\" \/>\n<meta property=\"og:url\" content=\"https:\/\/www.poradnahygge.cz\/psychoterapie\/\" \/>\n<meta property=\"og:site_name\" content=\"Hygge - psychologick\u00e1 poradna\" \/>\n<meta property=\"article:modified_time\" content=\"2024-10-31T12:39:49+00:00\" \/>\n<meta name=\"twitter:card\" content=\"summary_large_image\" \/>\n<meta name=\"twitter:label1\" content=\"Estimated reading time\" \/>\n\t<meta name=\"twitter:data1\" content=\"1 minute\" \/>\n<script type=\"application\/ld+json\" class=\"yoast-schema-graph\">{\"@context\":\"https:\/\/schema.org\",\"@graph\":[{\"@type\":\"WebPage\",\"@id\":\"https:\/\/www.poradnahygge.cz\/psychoterapie\/\",\"url\":\"https:\/\/www.poradnahygge.cz\/psychoterapie\/\",\"name\":\"Psychoterapie | Hygge - psychologick\u00e1 poradna\",\"isPartOf\":{\"@id\":\"\/#website\"},\"datePublished\":\"2023-06-01T13:31:42+00:00\",\"dateModified\":\"2024-10-31T12:39:49+00:00\",\"breadcrumb\":{\"@id\":\"https:\/\/www.poradnahygge.cz\/psychoterapie\/#breadcrumb\"},\"inLanguage\":\"en-GB\",\"potentialAction\":[{\"@type\":\"ReadAction\",\"target\":[\"https:\/\/www.poradnahygge.cz\/psychoterapie\/\"]}]},{\"@type\":\"BreadcrumbList\",\"@id\":\"https:\/\/www.poradnahygge.cz\/psychoterapie\/#breadcrumb\",\"itemListElement\":[{\"@type\":\"ListItem\",\"position\":1,\"name\":\"\u00davod\",\"item\":\"https:\/\/www.poradnahygge.cz\/\"},{\"@type\":\"ListItem\",\"position\":2,\"name\":\"Psychoterapie\"}]},{\"@type\":\"WebSite\",\"@id\":\"\/#website\",\"url\":\"\/\",\"name\":\"Hygge - psychologick\u00e1 poradna\",\"description\":\"\",\"publisher\":{\"@id\":\"\/#organization\"},\"potentialAction\":[{\"@type\":\"SearchAction\",\"target\":{\"@type\":\"EntryPoint\",\"urlTemplate\":\"\/?s={search_term_string}\"},\"query-input\":{\"@type\":\"PropertyValueSpecification\",\"valueRequired\":true,\"valueName\":\"search_term_string\"}}],\"inLanguage\":\"en-GB\"},{\"@type\":\"Organization\",\"@id\":\"\/#organization\",\"name\":\"Hygge - psychologick\u00e1 poradna\",\"url\":\"\/\",\"logo\":{\"@type\":\"ImageObject\",\"inLanguage\":\"en-GB\",\"@id\":\"\/#\/schema\/logo\/image\/\",\"url\":\"https:\/\/www.poradnahygge.cz\/wp-content\/uploads\/2023\/05\/2023-05-logo-hyge-2.svg\",\"contentUrl\":\"https:\/\/www.poradnahygge.cz\/wp-content\/uploads\/2023\/05\/2023-05-logo-hyge-2.svg\",\"width\":225,\"height\":61,\"caption\":\"Hygge - psychologick\u00e1 poradna\"},\"image\":{\"@id\":\"\/#\/schema\/logo\/image\/\"}}]}<\/script>\n<!-- \/ Yoast SEO plugin. -->","yoast_head_json":{"title":"Psychoterapie","description":"PSYCHOTERAPIEPsychoterapie je v\u011bdecky ov\u011b\u0159en\u00e1 a \u00fa\u010dinn\u00e1 metoda l\u00e9\u010dby du\u0161evn\u00edch poruch. Pom\u00e1h\u00e1 zm\u011bnit hluboce zako\u0159en\u011bn\u00e9 vzorce chov\u00e1n\u00ed, my\u0161len\u00ed a c\u00edt\u011bn\u00ed.Tuto formu pomoci v\u00e1m doporu\u010d\u00edme, pokud poci\u0165ujete p\u0159\u00edznaky \u00fazkosti, deprese nebo jin\u00fdch du\u0161evn\u00edch probl\u00e9m\u016f.Psychoterapie je indikov\u00e1na tak\u00e9 lidem, jejich\u017e sou\u010dasn\u00e9 probl\u00e9my maj\u00ed ko\u0159eny v obt\u00ed\u017en\u00e9 minulosti. Pokud se pot\u00fdk\u00e1te s n\u00e1sledky traumatu, va\u0161e probl\u00e9my v\u00e1s prov\u00e1zej\u00ed ji\u017e&hellip;","robots":{"index":"index","follow":"follow","max-snippet":"max-snippet:-1","max-image-preview":"max-image-preview:large","max-video-preview":"max-video-preview:-1"},"canonical":"https:\/\/www.poradnahygge.cz\/psychoterapie\/","og_locale":"en_GB","og_type":"article","og_title":"Psychoterapie","og_description":"PSYCHOTERAPIEPsychoterapie je v\u011bdecky ov\u011b\u0159en\u00e1 a \u00fa\u010dinn\u00e1 metoda l\u00e9\u010dby du\u0161evn\u00edch poruch. Pom\u00e1h\u00e1 zm\u011bnit hluboce zako\u0159en\u011bn\u00e9 vzorce chov\u00e1n\u00ed, my\u0161len\u00ed a c\u00edt\u011bn\u00ed.Tuto formu pomoci v\u00e1m doporu\u010d\u00edme, pokud poci\u0165ujete p\u0159\u00edznaky \u00fazkosti, deprese nebo jin\u00fdch du\u0161evn\u00edch probl\u00e9m\u016f.Psychoterapie je indikov\u00e1na tak\u00e9 lidem, jejich\u017e sou\u010dasn\u00e9 probl\u00e9my maj\u00ed ko\u0159eny v obt\u00ed\u017en\u00e9 minulosti. Pokud se pot\u00fdk\u00e1te s n\u00e1sledky traumatu, va\u0161e probl\u00e9my v\u00e1s prov\u00e1zej\u00ed ji\u017e&hellip;","og_url":"https:\/\/www.poradnahygge.cz\/psychoterapie\/","og_site_name":"Hygge - psychologick\u00e1 poradna","article_modified_time":"2024-10-31T12:39:49+00:00","twitter_card":"summary_large_image","twitter_misc":{"Estimated reading time":"1 minute"},"schema":{"@context":"https:\/\/schema.org","@graph":[{"@type":"WebPage","@id":"https:\/\/www.poradnahygge.cz\/psychoterapie\/","url":"https:\/\/www.poradnahygge.cz\/psychoterapie\/","name":"Psychoterapie | Hygge - psychologick\u00e1 poradna","isPartOf":{"@id":"\/#website"},"datePublished":"2023-06-01T13:31:42+00:00","dateModified":"2024-10-31T12:39:49+00:00","breadcrumb":{"@id":"https:\/\/www.poradnahygge.cz\/psychoterapie\/#breadcrumb"},"inLanguage":"en-GB","potentialAction":[{"@type":"ReadAction","target":["https:\/\/www.poradnahygge.cz\/psychoterapie\/"]}]},{"@type":"BreadcrumbList","@id":"https:\/\/www.poradnahygge.cz\/psychoterapie\/#breadcrumb","itemListElement":[{"@type":"ListItem","position":1,"name":"\u00davod","item":"https:\/\/www.poradnahygge.cz\/"},{"@type":"ListItem","position":2,"name":"Psychoterapie"}]},{"@type":"WebSite","@id":"\/#website","url":"\/","name":"Hygge - psychologick\u00e1 poradna","description":"","publisher":{"@id":"\/#organization"},"potentialAction":[{"@type":"SearchAction","target":{"@type":"EntryPoint","urlTemplate":"\/?s={search_term_string}"},"query-input":{"@type":"PropertyValueSpecification","valueRequired":true,"valueName":"search_term_string"}}],"inLanguage":"en-GB"},{"@type":"Organization","@id":"\/#organization","name":"Hygge - psychologick\u00e1 poradna","url":"\/","logo":{"@type":"ImageObject","inLanguage":"en-GB","@id":"\/#\/schema\/logo\/image\/","url":"https:\/\/www.poradnahygge.cz\/wp-content\/uploads\/2023\/05\/2023-05-logo-hyge-2.svg","contentUrl":"https:\/\/www.poradnahygge.cz\/wp-content\/uploads\/2023\/05\/2023-05-logo-hyge-2.svg","width":225,"height":61,"caption":"Hygge - psychologick\u00e1 poradna"},"image":{"@id":"\/#\/schema\/logo\/image\/"}}]}},"_links":{"self":[{"href":"https:\/\/www.poradnahygge.cz\/wp-json\/wp\/v2\/pages\/810","targetHints":{"allow":["GET"]}}],"collection":[{"href":"https:\/\/www.poradnahygge.cz\/wp-json\/wp\/v2\/pages"}],"about":[{"href":"https:\/\/www.poradnahygge.cz\/wp-json\/wp\/v2\/types\/page"}],"author":[{"embeddable":true,"href":"https:\/\/www.poradnahygge.cz\/wp-json\/wp\/v2\/users\/1"}],"replies":[{"embeddable":true,"href":"https:\/\/www.poradnahygge.cz\/wp-json\/wp\/v2\/comments?post=810"}],"version-history":[{"count":16,"href":"https:\/\/www.poradnahygge.cz\/wp-json\/wp\/v2\/pages\/810\/revisions"}],"predecessor-version":[{"id":1196,"href":"https:\/\/www.poradnahygge.cz\/wp-json\/wp\/v2\/pages\/810\/revisions\/1196"}],"wp:attachment":[{"href":"https:\/\/www.poradnahygge.cz\/wp-json\/wp\/v2\/media?parent=810"}],"curies":[{"name":"wp","href":"https:\/\/api.w.org\/{rel}","templated":true}]}}