{"id":809,"date":"2023-06-01T15:31:37","date_gmt":"2023-06-01T13:31:37","guid":{"rendered":"http:\/\/www.poradnahygge.cz\/?page_id=809"},"modified":"2024-10-31T13:44:23","modified_gmt":"2024-10-31T12:44:23","slug":"skupinova-psychoterapie","status":"publish","type":"page","link":"https:\/\/www.poradnahygge.cz\/skupinova-psychoterapie\/","title":{"rendered":"Skupinov\u00e1 psychoterapie"},"content":{"rendered":"\t\t<div data-elementor-type=\"wp-page\" data-elementor-id=\"809\" class=\"elementor elementor-809\">\n\t\t\t\t\t\t<section class=\"elementor-section elementor-top-section elementor-element elementor-element-62efc12 elementor-section-stretched uvod-top elementor-section-boxed elementor-section-height-default elementor-section-height-default\" data-id=\"62efc12\" data-element_type=\"section\" data-settings=\"{&quot;stretch_section&quot;:&quot;section-stretched&quot;,&quot;background_background&quot;:&quot;classic&quot;,&quot;_ha_eqh_enable&quot;:false}\">\n\t\t\t\t\t\t\t<div class=\"elementor-background-overlay\"><\/div>\n\t\t\t\t\t\t\t<div class=\"elementor-container elementor-column-gap-wider\">\n\t\t\t\t\t<div class=\"elementor-column elementor-col-50 elementor-top-column elementor-element elementor-element-d86f64a\" data-id=\"d86f64a\" data-element_type=\"column\">\n\t\t\t<div class=\"elementor-widget-wrap elementor-element-populated\">\n\t\t\t\t\t\t<div class=\"elementor-element elementor-element-3097e33 elementor-widget elementor-widget-text-editor\" data-id=\"3097e33\" data-element_type=\"widget\" data-widget_type=\"text-editor.default\">\n\t\t\t\t<div class=\"elementor-widget-container\">\n\t\t\t\t\t\t\t<h1>GROUP PSYCHOTHERAPY<\/h1>\t\t\t\t\t\t<\/div>\n\t\t\t\t<\/div>\n\t\t\t\t\t<\/div>\n\t\t<\/div>\n\t\t\t\t<div class=\"elementor-column elementor-col-50 elementor-top-column elementor-element elementor-element-3ddcdd0 animace\" data-id=\"3ddcdd0\" data-element_type=\"column\">\n\t\t\t<div class=\"elementor-widget-wrap\">\n\t\t\t\t\t\t\t<\/div>\n\t\t<\/div>\n\t\t\t\t\t<\/div>\n\t\t<\/section>\n\t\t\t\t<section class=\"elementor-section elementor-top-section elementor-element elementor-element-30898e0 elementor-section-stretched elementor-section-boxed elementor-section-height-default elementor-section-height-default\" data-id=\"30898e0\" data-element_type=\"section\" data-settings=\"{&quot;stretch_section&quot;:&quot;section-stretched&quot;,&quot;_ha_eqh_enable&quot;:false}\">\n\t\t\t\t\t\t<div class=\"elementor-container elementor-column-gap-wider\">\n\t\t\t\t\t<div class=\"elementor-column elementor-col-50 elementor-top-column elementor-element elementor-element-e2b9266\" data-id=\"e2b9266\" data-element_type=\"column\">\n\t\t\t<div class=\"elementor-widget-wrap elementor-element-populated\">\n\t\t\t\t\t\t<div class=\"elementor-element elementor-element-95819e0 elementor-widget elementor-widget-text-editor\" data-id=\"95819e0\" data-element_type=\"widget\" data-widget_type=\"text-editor.default\">\n\t\t\t\t<div class=\"elementor-widget-container\">\n\t\t\t\t\t\t\t<p>Group therapy involves the therapist meeting with clients in a small group (usually 5-10 people) with similar problems. These groups can be focused on various topics such as depression, anxiety, addictions, intergenerational issues, or trauma. Group therapy can be conducted independently or as a supplement to individual therapy.<\/p><h2>Benefits of group psychotherapy for clients include:<\/h2><ul><li>Support and Sharing: Clients can share their problems with others in similar situations, leading to a sense of support and solidarity in dealing with their own problems, and the feeling that they are not alone. Clients can gain new ideas and experiences from other group members who have faced similar challenges.<\/li><\/ul>\t\t\t\t\t\t<\/div>\n\t\t\t\t<\/div>\n\t\t\t\t\t<\/div>\n\t\t<\/div>\n\t\t\t\t<div class=\"elementor-column elementor-col-50 elementor-top-column elementor-element elementor-element-05b127a\" data-id=\"05b127a\" data-element_type=\"column\">\n\t\t\t<div class=\"elementor-widget-wrap elementor-element-populated\">\n\t\t\t\t\t\t<div class=\"elementor-element elementor-element-7c14f5a elementor-widget elementor-widget-text-editor\" data-id=\"7c14f5a\" data-element_type=\"widget\" data-widget_type=\"text-editor.default\">\n\t\t\t\t<div class=\"elementor-widget-container\">\n\t\t\t\t\t\t\t<ul><li>Better Understanding of Self and Others: Group therapy helps clients understand themselves and others better. Clients learn to recognize and express their emotions and understand how emotions affect their behavior and thinking. By sharing their stories and experiences with other group members, clients can learn to respect different perspectives and approaches.<\/li><li>Greater Motivation: Group therapy can help clients find motivation to address their problems. Clients can find inspiration and support from other group members who are trying to address similar issues, motivating them towards their own positive changes.<\/li><li>Greater Effectiveness: In some cases, group therapy can be more effective than individual therapy. Clients have more opportunities to compare their thoughts, emotions, and experiences with others in similar situations, gaining more perspectives on their problems and addressing their challenges more effectively.<\/li><\/ul>\t\t\t\t\t\t<\/div>\n\t\t\t\t<\/div>\n\t\t\t\t\t<\/div>\n\t\t<\/div>\n\t\t\t\t\t<\/div>\n\t\t<\/section>\n\t\t\t\t<\/div>\n\t\t","protected":false},"excerpt":{"rendered":"<p>SKUPINOV\u00c1 PSYCHOTERAPIE Jedn\u00e1 se o formu terapie, kde se terapeut setk\u00e1v\u00e1 s klienty v mal\u00e9 skupin\u011b lid\u00ed (obvykle 5-10) s podobn\u00fdmi probl\u00e9my. Tyto skupiny mohou b\u00fdt zam\u011b\u0159en\u00e9 na r\u016fzn\u00e1 t\u00e9mata, jako nap\u0159\u00edklad deprese, \u00fazkost, z\u00e1vislosti, mezigenera\u010dn\u00ed probl\u00e9my nebo traumata. Skupinov\u00e1 terapie m\u016f\u017ee b\u00fdt prov\u00e1d\u011bna samostatn\u011b nebo jako dopln\u011bk individu\u00e1ln\u00ed terapie. V\u00fdhody skupinov\u00e9 psychoterapie pro klienty &#8230; <a title=\"Skupinov\u00e1 psychoterapie\" class=\"read-more\" href=\"https:\/\/www.poradnahygge.cz\/skupinova-psychoterapie\/\" aria-label=\"More on Skupinov\u00e1 psychoterapie\">Read more<\/a><\/p>\n","protected":false},"author":1,"featured_media":0,"parent":0,"menu_order":0,"comment_status":"closed","ping_status":"closed","template":"","meta":{"_acf_changed":false,"inline_featured_image":false,"footnotes":""},"class_list":["post-809","page","type-page","status-publish"],"acf":[],"yoast_head":"<!-- This site is optimized with the Yoast SEO plugin v23.7 - https:\/\/yoast.com\/wordpress\/plugins\/seo\/ -->\n<title>Skupinov\u00e1 psychoterapie<\/title>\n<meta name=\"description\" content=\"SKUPINOV\u00c1 PSYCHOTERAPIEJedn\u00e1 se o formu terapie, kde se terapeut setk\u00e1v\u00e1 s klienty v mal\u00e9 skupin\u011b lid\u00ed (obvykle 5-10) s podobn\u00fdmi probl\u00e9my. Tyto skupiny mohou b\u00fdt zam\u011b\u0159en\u00e9 na r\u016fzn\u00e1 t\u00e9mata, jako nap\u0159\u00edklad deprese, \u00fazkost, z\u00e1vislosti, mezigenera\u010dn\u00ed probl\u00e9my nebo traumata. Skupinov\u00e1 terapie m\u016f\u017ee b\u00fdt prov\u00e1d\u011bna samostatn\u011b nebo jako dopln\u011bk individu\u00e1ln\u00ed terapie.V\u00fdhody skupinov\u00e9 psychoterapie pro klienty jsou n\u00e1sleduj\u00edc\u00ed:Podpora&hellip;\" \/>\n<meta name=\"robots\" content=\"index, follow, max-snippet:-1, max-image-preview:large, max-video-preview:-1\" \/>\n<link rel=\"canonical\" href=\"https:\/\/www.poradnahygge.cz\/skupinova-psychoterapie\/\" \/>\n<meta property=\"og:locale\" content=\"en_GB\" \/>\n<meta property=\"og:type\" content=\"article\" \/>\n<meta property=\"og:title\" content=\"Skupinov\u00e1 psychoterapie\" \/>\n<meta property=\"og:description\" content=\"SKUPINOV\u00c1 PSYCHOTERAPIEJedn\u00e1 se o formu terapie, kde se terapeut setk\u00e1v\u00e1 s klienty v mal\u00e9 skupin\u011b lid\u00ed (obvykle 5-10) s podobn\u00fdmi probl\u00e9my. Tyto skupiny mohou b\u00fdt zam\u011b\u0159en\u00e9 na r\u016fzn\u00e1 t\u00e9mata, jako nap\u0159\u00edklad deprese, \u00fazkost, z\u00e1vislosti, mezigenera\u010dn\u00ed probl\u00e9my nebo traumata. Skupinov\u00e1 terapie m\u016f\u017ee b\u00fdt prov\u00e1d\u011bna samostatn\u011b nebo jako dopln\u011bk individu\u00e1ln\u00ed terapie.V\u00fdhody skupinov\u00e9 psychoterapie pro klienty jsou n\u00e1sleduj\u00edc\u00ed:Podpora&hellip;\" \/>\n<meta property=\"og:url\" content=\"https:\/\/www.poradnahygge.cz\/skupinova-psychoterapie\/\" \/>\n<meta property=\"og:site_name\" content=\"Hygge - psychologick\u00e1 poradna\" \/>\n<meta property=\"article:modified_time\" content=\"2024-10-31T12:44:23+00:00\" \/>\n<meta name=\"twitter:card\" content=\"summary_large_image\" \/>\n<meta name=\"twitter:label1\" content=\"Estimated reading time\" \/>\n\t<meta name=\"twitter:data1\" content=\"2 minutes\" \/>\n<script type=\"application\/ld+json\" class=\"yoast-schema-graph\">{\"@context\":\"https:\/\/schema.org\",\"@graph\":[{\"@type\":\"WebPage\",\"@id\":\"https:\/\/www.poradnahygge.cz\/skupinova-psychoterapie\/\",\"url\":\"https:\/\/www.poradnahygge.cz\/skupinova-psychoterapie\/\",\"name\":\"Skupinov\u00e1 psychoterapie | Hygge - psychologick\u00e1 poradna\",\"isPartOf\":{\"@id\":\"\/#website\"},\"datePublished\":\"2023-06-01T13:31:37+00:00\",\"dateModified\":\"2024-10-31T12:44:23+00:00\",\"breadcrumb\":{\"@id\":\"https:\/\/www.poradnahygge.cz\/skupinova-psychoterapie\/#breadcrumb\"},\"inLanguage\":\"en-GB\",\"potentialAction\":[{\"@type\":\"ReadAction\",\"target\":[\"https:\/\/www.poradnahygge.cz\/skupinova-psychoterapie\/\"]}]},{\"@type\":\"BreadcrumbList\",\"@id\":\"https:\/\/www.poradnahygge.cz\/skupinova-psychoterapie\/#breadcrumb\",\"itemListElement\":[{\"@type\":\"ListItem\",\"position\":1,\"name\":\"\u00davod\",\"item\":\"https:\/\/www.poradnahygge.cz\/\"},{\"@type\":\"ListItem\",\"position\":2,\"name\":\"Skupinov\u00e1 psychoterapie\"}]},{\"@type\":\"WebSite\",\"@id\":\"\/#website\",\"url\":\"\/\",\"name\":\"Hygge - psychologick\u00e1 poradna\",\"description\":\"\",\"publisher\":{\"@id\":\"\/#organization\"},\"potentialAction\":[{\"@type\":\"SearchAction\",\"target\":{\"@type\":\"EntryPoint\",\"urlTemplate\":\"\/?s={search_term_string}\"},\"query-input\":{\"@type\":\"PropertyValueSpecification\",\"valueRequired\":true,\"valueName\":\"search_term_string\"}}],\"inLanguage\":\"en-GB\"},{\"@type\":\"Organization\",\"@id\":\"\/#organization\",\"name\":\"Hygge - psychologick\u00e1 poradna\",\"url\":\"\/\",\"logo\":{\"@type\":\"ImageObject\",\"inLanguage\":\"en-GB\",\"@id\":\"\/#\/schema\/logo\/image\/\",\"url\":\"https:\/\/www.poradnahygge.cz\/wp-content\/uploads\/2023\/05\/2023-05-logo-hyge-2.svg\",\"contentUrl\":\"https:\/\/www.poradnahygge.cz\/wp-content\/uploads\/2023\/05\/2023-05-logo-hyge-2.svg\",\"width\":225,\"height\":61,\"caption\":\"Hygge - psychologick\u00e1 poradna\"},\"image\":{\"@id\":\"\/#\/schema\/logo\/image\/\"}}]}<\/script>\n<!-- \/ Yoast SEO plugin. -->","yoast_head_json":{"title":"Skupinov\u00e1 psychoterapie","description":"SKUPINOV\u00c1 PSYCHOTERAPIEJedn\u00e1 se o formu terapie, kde se terapeut setk\u00e1v\u00e1 s klienty v mal\u00e9 skupin\u011b lid\u00ed (obvykle 5-10) s podobn\u00fdmi probl\u00e9my. Tyto skupiny mohou b\u00fdt zam\u011b\u0159en\u00e9 na r\u016fzn\u00e1 t\u00e9mata, jako nap\u0159\u00edklad deprese, \u00fazkost, z\u00e1vislosti, mezigenera\u010dn\u00ed probl\u00e9my nebo traumata. Skupinov\u00e1 terapie m\u016f\u017ee b\u00fdt prov\u00e1d\u011bna samostatn\u011b nebo jako dopln\u011bk individu\u00e1ln\u00ed terapie.V\u00fdhody skupinov\u00e9 psychoterapie pro klienty jsou n\u00e1sleduj\u00edc\u00ed:Podpora&hellip;","robots":{"index":"index","follow":"follow","max-snippet":"max-snippet:-1","max-image-preview":"max-image-preview:large","max-video-preview":"max-video-preview:-1"},"canonical":"https:\/\/www.poradnahygge.cz\/skupinova-psychoterapie\/","og_locale":"en_GB","og_type":"article","og_title":"Skupinov\u00e1 psychoterapie","og_description":"SKUPINOV\u00c1 PSYCHOTERAPIEJedn\u00e1 se o formu terapie, kde se terapeut setk\u00e1v\u00e1 s klienty v mal\u00e9 skupin\u011b lid\u00ed (obvykle 5-10) s podobn\u00fdmi probl\u00e9my. Tyto skupiny mohou b\u00fdt zam\u011b\u0159en\u00e9 na r\u016fzn\u00e1 t\u00e9mata, jako nap\u0159\u00edklad deprese, \u00fazkost, z\u00e1vislosti, mezigenera\u010dn\u00ed probl\u00e9my nebo traumata. Skupinov\u00e1 terapie m\u016f\u017ee b\u00fdt prov\u00e1d\u011bna samostatn\u011b nebo jako dopln\u011bk individu\u00e1ln\u00ed terapie.V\u00fdhody skupinov\u00e9 psychoterapie pro klienty jsou n\u00e1sleduj\u00edc\u00ed:Podpora&hellip;","og_url":"https:\/\/www.poradnahygge.cz\/skupinova-psychoterapie\/","og_site_name":"Hygge - psychologick\u00e1 poradna","article_modified_time":"2024-10-31T12:44:23+00:00","twitter_card":"summary_large_image","twitter_misc":{"Estimated reading time":"2 minutes"},"schema":{"@context":"https:\/\/schema.org","@graph":[{"@type":"WebPage","@id":"https:\/\/www.poradnahygge.cz\/skupinova-psychoterapie\/","url":"https:\/\/www.poradnahygge.cz\/skupinova-psychoterapie\/","name":"Skupinov\u00e1 psychoterapie | Hygge - psychologick\u00e1 poradna","isPartOf":{"@id":"\/#website"},"datePublished":"2023-06-01T13:31:37+00:00","dateModified":"2024-10-31T12:44:23+00:00","breadcrumb":{"@id":"https:\/\/www.poradnahygge.cz\/skupinova-psychoterapie\/#breadcrumb"},"inLanguage":"en-GB","potentialAction":[{"@type":"ReadAction","target":["https:\/\/www.poradnahygge.cz\/skupinova-psychoterapie\/"]}]},{"@type":"BreadcrumbList","@id":"https:\/\/www.poradnahygge.cz\/skupinova-psychoterapie\/#breadcrumb","itemListElement":[{"@type":"ListItem","position":1,"name":"\u00davod","item":"https:\/\/www.poradnahygge.cz\/"},{"@type":"ListItem","position":2,"name":"Skupinov\u00e1 psychoterapie"}]},{"@type":"WebSite","@id":"\/#website","url":"\/","name":"Hygge - psychologick\u00e1 poradna","description":"","publisher":{"@id":"\/#organization"},"potentialAction":[{"@type":"SearchAction","target":{"@type":"EntryPoint","urlTemplate":"\/?s={search_term_string}"},"query-input":{"@type":"PropertyValueSpecification","valueRequired":true,"valueName":"search_term_string"}}],"inLanguage":"en-GB"},{"@type":"Organization","@id":"\/#organization","name":"Hygge - psychologick\u00e1 poradna","url":"\/","logo":{"@type":"ImageObject","inLanguage":"en-GB","@id":"\/#\/schema\/logo\/image\/","url":"https:\/\/www.poradnahygge.cz\/wp-content\/uploads\/2023\/05\/2023-05-logo-hyge-2.svg","contentUrl":"https:\/\/www.poradnahygge.cz\/wp-content\/uploads\/2023\/05\/2023-05-logo-hyge-2.svg","width":225,"height":61,"caption":"Hygge - psychologick\u00e1 poradna"},"image":{"@id":"\/#\/schema\/logo\/image\/"}}]}},"_links":{"self":[{"href":"https:\/\/www.poradnahygge.cz\/wp-json\/wp\/v2\/pages\/809","targetHints":{"allow":["GET"]}}],"collection":[{"href":"https:\/\/www.poradnahygge.cz\/wp-json\/wp\/v2\/pages"}],"about":[{"href":"https:\/\/www.poradnahygge.cz\/wp-json\/wp\/v2\/types\/page"}],"author":[{"embeddable":true,"href":"https:\/\/www.poradnahygge.cz\/wp-json\/wp\/v2\/users\/1"}],"replies":[{"embeddable":true,"href":"https:\/\/www.poradnahygge.cz\/wp-json\/wp\/v2\/comments?post=809"}],"version-history":[{"count":31,"href":"https:\/\/www.poradnahygge.cz\/wp-json\/wp\/v2\/pages\/809\/revisions"}],"predecessor-version":[{"id":1199,"href":"https:\/\/www.poradnahygge.cz\/wp-json\/wp\/v2\/pages\/809\/revisions\/1199"}],"wp:attachment":[{"href":"https:\/\/www.poradnahygge.cz\/wp-json\/wp\/v2\/media?parent=809"}],"curies":[{"name":"wp","href":"https:\/\/api.w.org\/{rel}","templated":true}]}}