{"id":808,"date":"2023-06-01T15:31:31","date_gmt":"2023-06-01T13:31:31","guid":{"rendered":"http:\/\/www.poradnahygge.cz\/?page_id=808"},"modified":"2024-10-31T13:46:12","modified_gmt":"2024-10-31T12:46:12","slug":"psychologicke-poradenstvi","status":"publish","type":"page","link":"https:\/\/www.poradnahygge.cz\/psychologicke-poradenstvi\/","title":{"rendered":"Psychologick\u00e9 poradenstv\u00ed"},"content":{"rendered":"\t\t<div data-elementor-type=\"wp-page\" data-elementor-id=\"808\" class=\"elementor elementor-808\">\n\t\t\t\t\t\t<section class=\"elementor-section elementor-top-section elementor-element elementor-element-62efc12 elementor-section-stretched uvod-top elementor-section-boxed elementor-section-height-default elementor-section-height-default\" data-id=\"62efc12\" data-element_type=\"section\" data-settings=\"{&quot;stretch_section&quot;:&quot;section-stretched&quot;,&quot;background_background&quot;:&quot;classic&quot;,&quot;_ha_eqh_enable&quot;:false}\">\n\t\t\t\t\t\t\t<div class=\"elementor-background-overlay\"><\/div>\n\t\t\t\t\t\t\t<div class=\"elementor-container elementor-column-gap-wider\">\n\t\t\t\t\t<div class=\"elementor-column elementor-col-50 elementor-top-column elementor-element elementor-element-d86f64a\" data-id=\"d86f64a\" data-element_type=\"column\">\n\t\t\t<div class=\"elementor-widget-wrap elementor-element-populated\">\n\t\t\t\t\t\t<div class=\"elementor-element elementor-element-3097e33 elementor-widget elementor-widget-text-editor\" data-id=\"3097e33\" data-element_type=\"widget\" data-widget_type=\"text-editor.default\">\n\t\t\t\t<div class=\"elementor-widget-container\">\n\t\t\t\t\t\t\t<h1>PSYCHOLOGICAL COUNSELLING<\/h1>\t\t\t\t\t\t<\/div>\n\t\t\t\t<\/div>\n\t\t\t\t\t<\/div>\n\t\t<\/div>\n\t\t\t\t<div class=\"elementor-column elementor-col-50 elementor-top-column elementor-element elementor-element-3ddcdd0 animace\" data-id=\"3ddcdd0\" data-element_type=\"column\">\n\t\t\t<div class=\"elementor-widget-wrap\">\n\t\t\t\t\t\t\t<\/div>\n\t\t<\/div>\n\t\t\t\t\t<\/div>\n\t\t<\/section>\n\t\t\t\t<section class=\"elementor-section elementor-top-section elementor-element elementor-element-30898e0 elementor-section-stretched elementor-section-boxed elementor-section-height-default elementor-section-height-default\" data-id=\"30898e0\" data-element_type=\"section\" data-settings=\"{&quot;stretch_section&quot;:&quot;section-stretched&quot;,&quot;_ha_eqh_enable&quot;:false}\">\n\t\t\t\t\t\t<div class=\"elementor-container elementor-column-gap-wider\">\n\t\t\t\t\t<div class=\"elementor-column elementor-col-50 elementor-top-column elementor-element elementor-element-e2b9266\" data-id=\"e2b9266\" data-element_type=\"column\">\n\t\t\t<div class=\"elementor-widget-wrap elementor-element-populated\">\n\t\t\t\t\t\t<div class=\"elementor-element elementor-element-95819e0 elementor-widget elementor-widget-text-editor\" data-id=\"95819e0\" data-element_type=\"widget\" data-widget_type=\"text-editor.default\">\n\t\t\t\t<div class=\"elementor-widget-container\">\n\t\t\t\t\t\t\t<p>Psychological support is a suitable form of help and support for people experiencing difficult life situations and crises. We recommend this form of work if you do not suffer from a mental disorder but need support in dealing with persistent problems. This includes if:<\/p><ul><li>You feel overwhelmed, burnt out, or have trouble managing stress.<\/li><li>You have low self-esteem.<\/li><li>A close person has passed away.<\/li><li>You need advice on behavior problems.<\/li><li>Your life is changing: moving, changing jobs, your children are moving out.<\/li><li>You are experiencing other problems you would like to resolve internally.<\/li><\/ul>\t\t\t\t\t\t<\/div>\n\t\t\t\t<\/div>\n\t\t\t\t\t<\/div>\n\t\t<\/div>\n\t\t\t\t<div class=\"elementor-column elementor-col-50 elementor-top-column elementor-element elementor-element-05b127a\" data-id=\"05b127a\" data-element_type=\"column\">\n\t\t\t<div class=\"elementor-widget-wrap elementor-element-populated\">\n\t\t\t\t\t\t<div class=\"elementor-element elementor-element-7c14f5a elementor-widget elementor-widget-text-editor\" data-id=\"7c14f5a\" data-element_type=\"widget\" data-widget_type=\"text-editor.default\">\n\t\t\t\t<div class=\"elementor-widget-container\">\n\t\t\t\t\t\t\t<p>In our psychological support, we help you find solutions to urgent problems, reduce stress levels, better express your feelings, and understand yourself and others.<\/p>\t\t\t\t\t\t<\/div>\n\t\t\t\t<\/div>\n\t\t\t\t\t<\/div>\n\t\t<\/div>\n\t\t\t\t\t<\/div>\n\t\t<\/section>\n\t\t\t\t<\/div>\n\t\t","protected":false},"excerpt":{"rendered":"<p>PSYCHOLOGICK\u00c9 PORADENSTV\u00cd Psychologick\u00e1 podpora je vhodn\u00e1 forma pomoci a podpory ur\u010den\u00e1 lidem, kte\u0159\u00ed pro\u017e\u00edvaj\u00ed n\u00e1ro\u010dn\u00e9 \u017eivotn\u00ed situace a krize. Tuto formu pr\u00e1ce v\u00e1m doporu\u010d\u00edme, pokud netrp\u00edte du\u0161evn\u00ed poruchou, ale pot\u0159ebujete podporu p\u0159i \u0159e\u0161en\u00ed p\u0159etrv\u00e1vaj\u00edc\u00edch probl\u00e9m\u016f. V p\u0159\u00edpad\u011b, \u017ee: se c\u00edt\u00edte p\u0159et\u00ed\u017eeni, vyho\u0159el\u00ed, m\u00e1te pot\u00ed\u017ee se zvl\u00e1d\u00e1n\u00edm stresu m\u00e1te n\u00edzk\u00e9 sebev\u011bdom\u00ed v\u00e1m zem\u0159ela bl\u00edzk\u00e1 osoba pot\u0159ebujete &#8230; <a title=\"Psychologick\u00e9 poradenstv\u00ed\" class=\"read-more\" href=\"https:\/\/www.poradnahygge.cz\/psychologicke-poradenstvi\/\" aria-label=\"More on Psychologick\u00e9 poradenstv\u00ed\">Read more<\/a><\/p>\n","protected":false},"author":1,"featured_media":0,"parent":0,"menu_order":0,"comment_status":"closed","ping_status":"closed","template":"","meta":{"_acf_changed":false,"inline_featured_image":false,"footnotes":""},"class_list":["post-808","page","type-page","status-publish"],"acf":[],"yoast_head":"<!-- This site is optimized with the Yoast SEO plugin v23.7 - https:\/\/yoast.com\/wordpress\/plugins\/seo\/ -->\n<title>Psychologick\u00e9 poradenstv\u00ed<\/title>\n<meta name=\"description\" content=\"PSYCHOLOGICK\u00c9 PORADENSTV\u00cdPsychologick\u00e1 podpora je vhodn\u00e1 forma pomoci a podpory ur\u010den\u00e1 lidem, kte\u0159\u00ed pro\u017e\u00edvaj\u00ed n\u00e1ro\u010dn\u00e9 \u017eivotn\u00ed situace a krize.Tuto formu pr\u00e1ce v\u00e1m doporu\u010d\u00edme, pokud netrp\u00edte du\u0161evn\u00ed poruchou, ale pot\u0159ebujete podporu p\u0159i \u0159e\u0161en\u00ed p\u0159etrv\u00e1vaj\u00edc\u00edch probl\u00e9m\u016f.V p\u0159\u00edpad\u011b, \u017ee:se c\u00edt\u00edte p\u0159et\u00ed\u017eeni, vyho\u0159el\u00ed, m\u00e1te pot\u00ed\u017ee se zvl\u00e1d\u00e1n\u00edm stresum\u00e1te n\u00edzk\u00e9 sebev\u011bdom\u00edv\u00e1m zem\u0159ela bl\u00edzk\u00e1 osobapot\u0159ebujete poradenstv\u00ed kv\u016fli probl\u00e9m\u016fm s chov\u00e1n\u00edmV\u00e1\u0161 \u017eivot se&hellip;\" \/>\n<meta name=\"robots\" content=\"index, follow, max-snippet:-1, max-image-preview:large, max-video-preview:-1\" \/>\n<link rel=\"canonical\" href=\"https:\/\/www.poradnahygge.cz\/psychologicke-poradenstvi\/\" \/>\n<meta property=\"og:locale\" content=\"en_GB\" \/>\n<meta property=\"og:type\" content=\"article\" \/>\n<meta property=\"og:title\" content=\"Psychologick\u00e9 poradenstv\u00ed\" \/>\n<meta property=\"og:description\" content=\"PSYCHOLOGICK\u00c9 PORADENSTV\u00cdPsychologick\u00e1 podpora je vhodn\u00e1 forma pomoci a podpory ur\u010den\u00e1 lidem, kte\u0159\u00ed pro\u017e\u00edvaj\u00ed n\u00e1ro\u010dn\u00e9 \u017eivotn\u00ed situace a krize.Tuto formu pr\u00e1ce v\u00e1m doporu\u010d\u00edme, pokud netrp\u00edte du\u0161evn\u00ed poruchou, ale pot\u0159ebujete podporu p\u0159i \u0159e\u0161en\u00ed p\u0159etrv\u00e1vaj\u00edc\u00edch probl\u00e9m\u016f.V p\u0159\u00edpad\u011b, \u017ee:se c\u00edt\u00edte p\u0159et\u00ed\u017eeni, vyho\u0159el\u00ed, m\u00e1te pot\u00ed\u017ee se zvl\u00e1d\u00e1n\u00edm stresum\u00e1te n\u00edzk\u00e9 sebev\u011bdom\u00edv\u00e1m zem\u0159ela bl\u00edzk\u00e1 osobapot\u0159ebujete poradenstv\u00ed kv\u016fli probl\u00e9m\u016fm s chov\u00e1n\u00edmV\u00e1\u0161 \u017eivot se&hellip;\" \/>\n<meta property=\"og:url\" content=\"https:\/\/www.poradnahygge.cz\/psychologicke-poradenstvi\/\" \/>\n<meta property=\"og:site_name\" content=\"Hygge - psychologick\u00e1 poradna\" \/>\n<meta property=\"article:modified_time\" content=\"2024-10-31T12:46:12+00:00\" \/>\n<meta name=\"twitter:card\" content=\"summary_large_image\" \/>\n<meta name=\"twitter:label1\" content=\"Estimated reading time\" \/>\n\t<meta name=\"twitter:data1\" content=\"1 minute\" \/>\n<script type=\"application\/ld+json\" class=\"yoast-schema-graph\">{\"@context\":\"https:\/\/schema.org\",\"@graph\":[{\"@type\":\"WebPage\",\"@id\":\"https:\/\/www.poradnahygge.cz\/psychologicke-poradenstvi\/\",\"url\":\"https:\/\/www.poradnahygge.cz\/psychologicke-poradenstvi\/\",\"name\":\"Psychologick\u00e9 poradenstv\u00ed | Hygge - psychologick\u00e1 poradna\",\"isPartOf\":{\"@id\":\"\/#website\"},\"datePublished\":\"2023-06-01T13:31:31+00:00\",\"dateModified\":\"2024-10-31T12:46:12+00:00\",\"breadcrumb\":{\"@id\":\"https:\/\/www.poradnahygge.cz\/psychologicke-poradenstvi\/#breadcrumb\"},\"inLanguage\":\"en-GB\",\"potentialAction\":[{\"@type\":\"ReadAction\",\"target\":[\"https:\/\/www.poradnahygge.cz\/psychologicke-poradenstvi\/\"]}]},{\"@type\":\"BreadcrumbList\",\"@id\":\"https:\/\/www.poradnahygge.cz\/psychologicke-poradenstvi\/#breadcrumb\",\"itemListElement\":[{\"@type\":\"ListItem\",\"position\":1,\"name\":\"\u00davod\",\"item\":\"https:\/\/www.poradnahygge.cz\/\"},{\"@type\":\"ListItem\",\"position\":2,\"name\":\"Psychologick\u00e9 poradenstv\u00ed\"}]},{\"@type\":\"WebSite\",\"@id\":\"\/#website\",\"url\":\"\/\",\"name\":\"Hygge - psychologick\u00e1 poradna\",\"description\":\"\",\"publisher\":{\"@id\":\"\/#organization\"},\"potentialAction\":[{\"@type\":\"SearchAction\",\"target\":{\"@type\":\"EntryPoint\",\"urlTemplate\":\"\/?s={search_term_string}\"},\"query-input\":{\"@type\":\"PropertyValueSpecification\",\"valueRequired\":true,\"valueName\":\"search_term_string\"}}],\"inLanguage\":\"en-GB\"},{\"@type\":\"Organization\",\"@id\":\"\/#organization\",\"name\":\"Hygge - psychologick\u00e1 poradna\",\"url\":\"\/\",\"logo\":{\"@type\":\"ImageObject\",\"inLanguage\":\"en-GB\",\"@id\":\"\/#\/schema\/logo\/image\/\",\"url\":\"https:\/\/www.poradnahygge.cz\/wp-content\/uploads\/2023\/05\/2023-05-logo-hyge-2.svg\",\"contentUrl\":\"https:\/\/www.poradnahygge.cz\/wp-content\/uploads\/2023\/05\/2023-05-logo-hyge-2.svg\",\"width\":225,\"height\":61,\"caption\":\"Hygge - psychologick\u00e1 poradna\"},\"image\":{\"@id\":\"\/#\/schema\/logo\/image\/\"}}]}<\/script>\n<!-- \/ Yoast SEO plugin. -->","yoast_head_json":{"title":"Psychologick\u00e9 poradenstv\u00ed","description":"PSYCHOLOGICK\u00c9 PORADENSTV\u00cdPsychologick\u00e1 podpora je vhodn\u00e1 forma pomoci a podpory ur\u010den\u00e1 lidem, kte\u0159\u00ed pro\u017e\u00edvaj\u00ed n\u00e1ro\u010dn\u00e9 \u017eivotn\u00ed situace a krize.Tuto formu pr\u00e1ce v\u00e1m doporu\u010d\u00edme, pokud netrp\u00edte du\u0161evn\u00ed poruchou, ale pot\u0159ebujete podporu p\u0159i \u0159e\u0161en\u00ed p\u0159etrv\u00e1vaj\u00edc\u00edch probl\u00e9m\u016f.V p\u0159\u00edpad\u011b, \u017ee:se c\u00edt\u00edte p\u0159et\u00ed\u017eeni, vyho\u0159el\u00ed, m\u00e1te pot\u00ed\u017ee se zvl\u00e1d\u00e1n\u00edm stresum\u00e1te n\u00edzk\u00e9 sebev\u011bdom\u00edv\u00e1m zem\u0159ela bl\u00edzk\u00e1 osobapot\u0159ebujete poradenstv\u00ed kv\u016fli probl\u00e9m\u016fm s chov\u00e1n\u00edmV\u00e1\u0161 \u017eivot se&hellip;","robots":{"index":"index","follow":"follow","max-snippet":"max-snippet:-1","max-image-preview":"max-image-preview:large","max-video-preview":"max-video-preview:-1"},"canonical":"https:\/\/www.poradnahygge.cz\/psychologicke-poradenstvi\/","og_locale":"en_GB","og_type":"article","og_title":"Psychologick\u00e9 poradenstv\u00ed","og_description":"PSYCHOLOGICK\u00c9 PORADENSTV\u00cdPsychologick\u00e1 podpora je vhodn\u00e1 forma pomoci a podpory ur\u010den\u00e1 lidem, kte\u0159\u00ed pro\u017e\u00edvaj\u00ed n\u00e1ro\u010dn\u00e9 \u017eivotn\u00ed situace a krize.Tuto formu pr\u00e1ce v\u00e1m doporu\u010d\u00edme, pokud netrp\u00edte du\u0161evn\u00ed poruchou, ale pot\u0159ebujete podporu p\u0159i \u0159e\u0161en\u00ed p\u0159etrv\u00e1vaj\u00edc\u00edch probl\u00e9m\u016f.V p\u0159\u00edpad\u011b, \u017ee:se c\u00edt\u00edte p\u0159et\u00ed\u017eeni, vyho\u0159el\u00ed, m\u00e1te pot\u00ed\u017ee se zvl\u00e1d\u00e1n\u00edm stresum\u00e1te n\u00edzk\u00e9 sebev\u011bdom\u00edv\u00e1m zem\u0159ela bl\u00edzk\u00e1 osobapot\u0159ebujete poradenstv\u00ed kv\u016fli probl\u00e9m\u016fm s chov\u00e1n\u00edmV\u00e1\u0161 \u017eivot se&hellip;","og_url":"https:\/\/www.poradnahygge.cz\/psychologicke-poradenstvi\/","og_site_name":"Hygge - psychologick\u00e1 poradna","article_modified_time":"2024-10-31T12:46:12+00:00","twitter_card":"summary_large_image","twitter_misc":{"Estimated reading time":"1 minute"},"schema":{"@context":"https:\/\/schema.org","@graph":[{"@type":"WebPage","@id":"https:\/\/www.poradnahygge.cz\/psychologicke-poradenstvi\/","url":"https:\/\/www.poradnahygge.cz\/psychologicke-poradenstvi\/","name":"Psychologick\u00e9 poradenstv\u00ed | Hygge - psychologick\u00e1 poradna","isPartOf":{"@id":"\/#website"},"datePublished":"2023-06-01T13:31:31+00:00","dateModified":"2024-10-31T12:46:12+00:00","breadcrumb":{"@id":"https:\/\/www.poradnahygge.cz\/psychologicke-poradenstvi\/#breadcrumb"},"inLanguage":"en-GB","potentialAction":[{"@type":"ReadAction","target":["https:\/\/www.poradnahygge.cz\/psychologicke-poradenstvi\/"]}]},{"@type":"BreadcrumbList","@id":"https:\/\/www.poradnahygge.cz\/psychologicke-poradenstvi\/#breadcrumb","itemListElement":[{"@type":"ListItem","position":1,"name":"\u00davod","item":"https:\/\/www.poradnahygge.cz\/"},{"@type":"ListItem","position":2,"name":"Psychologick\u00e9 poradenstv\u00ed"}]},{"@type":"WebSite","@id":"\/#website","url":"\/","name":"Hygge - psychologick\u00e1 poradna","description":"","publisher":{"@id":"\/#organization"},"potentialAction":[{"@type":"SearchAction","target":{"@type":"EntryPoint","urlTemplate":"\/?s={search_term_string}"},"query-input":{"@type":"PropertyValueSpecification","valueRequired":true,"valueName":"search_term_string"}}],"inLanguage":"en-GB"},{"@type":"Organization","@id":"\/#organization","name":"Hygge - psychologick\u00e1 poradna","url":"\/","logo":{"@type":"ImageObject","inLanguage":"en-GB","@id":"\/#\/schema\/logo\/image\/","url":"https:\/\/www.poradnahygge.cz\/wp-content\/uploads\/2023\/05\/2023-05-logo-hyge-2.svg","contentUrl":"https:\/\/www.poradnahygge.cz\/wp-content\/uploads\/2023\/05\/2023-05-logo-hyge-2.svg","width":225,"height":61,"caption":"Hygge - psychologick\u00e1 poradna"},"image":{"@id":"\/#\/schema\/logo\/image\/"}}]}},"_links":{"self":[{"href":"https:\/\/www.poradnahygge.cz\/wp-json\/wp\/v2\/pages\/808","targetHints":{"allow":["GET"]}}],"collection":[{"href":"https:\/\/www.poradnahygge.cz\/wp-json\/wp\/v2\/pages"}],"about":[{"href":"https:\/\/www.poradnahygge.cz\/wp-json\/wp\/v2\/types\/page"}],"author":[{"embeddable":true,"href":"https:\/\/www.poradnahygge.cz\/wp-json\/wp\/v2\/users\/1"}],"replies":[{"embeddable":true,"href":"https:\/\/www.poradnahygge.cz\/wp-json\/wp\/v2\/comments?post=808"}],"version-history":[{"count":22,"href":"https:\/\/www.poradnahygge.cz\/wp-json\/wp\/v2\/pages\/808\/revisions"}],"predecessor-version":[{"id":1205,"href":"https:\/\/www.poradnahygge.cz\/wp-json\/wp\/v2\/pages\/808\/revisions\/1205"}],"wp:attachment":[{"href":"https:\/\/www.poradnahygge.cz\/wp-json\/wp\/v2\/media?parent=808"}],"curies":[{"name":"wp","href":"https:\/\/api.w.org\/{rel}","templated":true}]}}