{"id":801,"date":"2023-06-01T15:23:20","date_gmt":"2023-06-01T13:23:20","guid":{"rendered":"http:\/\/www.poradnahygge.cz\/?page_id=801"},"modified":"2024-10-31T13:48:09","modified_gmt":"2024-10-31T12:48:09","slug":"konzultace","status":"publish","type":"page","link":"https:\/\/www.poradnahygge.cz\/konzultace\/","title":{"rendered":"Konzultace"},"content":{"rendered":"\t\t<div data-elementor-type=\"wp-page\" data-elementor-id=\"801\" class=\"elementor elementor-801\">\n\t\t\t\t\t\t<section class=\"elementor-section elementor-top-section elementor-element elementor-element-62efc12 elementor-section-stretched uvod-top elementor-section-boxed elementor-section-height-default elementor-section-height-default\" data-id=\"62efc12\" data-element_type=\"section\" data-settings=\"{&quot;stretch_section&quot;:&quot;section-stretched&quot;,&quot;background_background&quot;:&quot;classic&quot;,&quot;_ha_eqh_enable&quot;:false}\">\n\t\t\t\t\t\t\t<div class=\"elementor-background-overlay\"><\/div>\n\t\t\t\t\t\t\t<div class=\"elementor-container elementor-column-gap-wider\">\n\t\t\t\t\t<div class=\"elementor-column elementor-col-50 elementor-top-column elementor-element elementor-element-d86f64a\" data-id=\"d86f64a\" data-element_type=\"column\">\n\t\t\t<div class=\"elementor-widget-wrap elementor-element-populated\">\n\t\t\t\t\t\t<div class=\"elementor-element elementor-element-3097e33 elementor-widget elementor-widget-text-editor\" data-id=\"3097e33\" data-element_type=\"widget\" data-widget_type=\"text-editor.default\">\n\t\t\t\t<div class=\"elementor-widget-container\">\n\t\t\t\t\t\t\t<h1>CONSULTATIONS<\/h1>\t\t\t\t\t\t<\/div>\n\t\t\t\t<\/div>\n\t\t\t\t\t<\/div>\n\t\t<\/div>\n\t\t\t\t<div class=\"elementor-column elementor-col-50 elementor-top-column elementor-element elementor-element-3ddcdd0 animace\" data-id=\"3ddcdd0\" data-element_type=\"column\">\n\t\t\t<div class=\"elementor-widget-wrap\">\n\t\t\t\t\t\t\t<\/div>\n\t\t<\/div>\n\t\t\t\t\t<\/div>\n\t\t<\/section>\n\t\t\t\t<section class=\"elementor-section elementor-top-section elementor-element elementor-element-30898e0 elementor-section-stretched elementor-section-boxed elementor-section-height-default elementor-section-height-default\" data-id=\"30898e0\" data-element_type=\"section\" data-settings=\"{&quot;stretch_section&quot;:&quot;section-stretched&quot;,&quot;_ha_eqh_enable&quot;:false}\">\n\t\t\t\t\t\t<div class=\"elementor-container elementor-column-gap-wider\">\n\t\t\t\t\t<div class=\"elementor-column elementor-col-50 elementor-top-column elementor-element elementor-element-e2b9266\" data-id=\"e2b9266\" data-element_type=\"column\">\n\t\t\t<div class=\"elementor-widget-wrap elementor-element-populated\">\n\t\t\t\t\t\t<div class=\"elementor-element elementor-element-95819e0 elementor-widget elementor-widget-text-editor\" data-id=\"95819e0\" data-element_type=\"widget\" data-widget_type=\"text-editor.default\">\n\t\t\t\t<div class=\"elementor-widget-container\">\n\t\t\t\t\t\t\t<p>Consultation is the first conversation (or several initial conversations) with a psychologist, aimed at understanding your needs and proposing the most effective form of work for you. A consultation may precede the start of regular therapy. It can also be a standalone form of assistance. During the consultation, you will talk about your problem and receive feedback from the psychologist.<\/p>\t\t\t\t\t\t<\/div>\n\t\t\t\t<\/div>\n\t\t\t\t\t<\/div>\n\t\t<\/div>\n\t\t\t\t<div class=\"elementor-column elementor-col-50 elementor-top-column elementor-element elementor-element-05b127a\" data-id=\"05b127a\" data-element_type=\"column\">\n\t\t\t<div class=\"elementor-widget-wrap elementor-element-populated\">\n\t\t\t\t\t\t<div class=\"elementor-element elementor-element-7c14f5a elementor-widget elementor-widget-text-editor\" data-id=\"7c14f5a\" data-element_type=\"widget\" data-widget_type=\"text-editor.default\">\n\t\t\t\t<div class=\"elementor-widget-container\">\n\t\t\t\t\t\t\t<p>We will help you understand what you are dealing with in light of current psychological knowledge. If necessary, we will offer further collaboration or refer you to another specialist. The consultation does not oblige you to anything: it is a suitable solution if you are unsure whether you need regular meetings with a specialist and if so, with whom.<\/p>\t\t\t\t\t\t<\/div>\n\t\t\t\t<\/div>\n\t\t\t\t\t<\/div>\n\t\t<\/div>\n\t\t\t\t\t<\/div>\n\t\t<\/section>\n\t\t\t\t<\/div>\n\t\t","protected":false},"excerpt":{"rendered":"<p>KONZULTACE\u00a0 Konzultace je prvn\u00ed rozhovor (nebo n\u011bkolik prvn\u00edch) s psychologem, kter\u00fd m\u00e1 za \u00fakol porozum\u011bt va\u0161im pot\u0159eb\u00e1m a navrhnout pro v\u00e1s nej\u00fa\u010dinn\u011bj\u0161\u00ed formu pr\u00e1ce. Konzultace m\u016f\u017ee p\u0159edch\u00e1zet zah\u00e1jen\u00ed pravideln\u00e9 terapie. M\u016f\u017ee b\u00fdt tak\u00e9 samostatnou formou pomoci. Na konzultaci budete hovo\u0159it o sv\u00e9m probl\u00e9mu a z\u00edsk\u00e1te zp\u011btnou vazbu od psychologa. Pom\u016f\u017eeme v\u00e1m pochopit, s \u010d\u00edm se &#8230; <a title=\"Konzultace\" class=\"read-more\" href=\"https:\/\/www.poradnahygge.cz\/konzultace\/\" aria-label=\"More on Konzultace\">Read more<\/a><\/p>\n","protected":false},"author":1,"featured_media":0,"parent":0,"menu_order":0,"comment_status":"closed","ping_status":"closed","template":"","meta":{"_acf_changed":false,"inline_featured_image":false,"footnotes":""},"class_list":["post-801","page","type-page","status-publish"],"acf":[],"yoast_head":"<!-- This site is optimized with the Yoast SEO plugin v23.7 - https:\/\/yoast.com\/wordpress\/plugins\/seo\/ -->\n<title>Konzultace<\/title>\n<meta name=\"description\" content=\"KONZULTACE\u00a0Konzultace je prvn\u00ed rozhovor (nebo n\u011bkolik prvn\u00edch) s psychologem, kter\u00fd m\u00e1 za \u00fakol porozum\u011bt va\u0161im pot\u0159eb\u00e1m a navrhnout pro v\u00e1s nej\u00fa\u010dinn\u011bj\u0161\u00ed formu pr\u00e1ce. Konzultace m\u016f\u017ee p\u0159edch\u00e1zet zah\u00e1jen\u00ed pravideln\u00e9 terapie. M\u016f\u017ee b\u00fdt tak\u00e9 samostatnou formou pomoci.Na konzultaci budete hovo\u0159it o sv\u00e9m probl\u00e9mu a z\u00edsk\u00e1te zp\u011btnou vazbu od psychologa.Pom\u016f\u017eeme v\u00e1m pochopit, s \u010d\u00edm se pot\u00fdk\u00e1te, ve sv\u011btle&hellip;\" \/>\n<meta name=\"robots\" content=\"index, follow, max-snippet:-1, max-image-preview:large, max-video-preview:-1\" \/>\n<link rel=\"canonical\" href=\"https:\/\/www.poradnahygge.cz\/konzultace\/\" \/>\n<meta property=\"og:locale\" content=\"en_GB\" \/>\n<meta property=\"og:type\" content=\"article\" \/>\n<meta property=\"og:title\" content=\"Konzultace\" \/>\n<meta property=\"og:description\" content=\"KONZULTACE\u00a0Konzultace je prvn\u00ed rozhovor (nebo n\u011bkolik prvn\u00edch) s psychologem, kter\u00fd m\u00e1 za \u00fakol porozum\u011bt va\u0161im pot\u0159eb\u00e1m a navrhnout pro v\u00e1s nej\u00fa\u010dinn\u011bj\u0161\u00ed formu pr\u00e1ce. Konzultace m\u016f\u017ee p\u0159edch\u00e1zet zah\u00e1jen\u00ed pravideln\u00e9 terapie. M\u016f\u017ee b\u00fdt tak\u00e9 samostatnou formou pomoci.Na konzultaci budete hovo\u0159it o sv\u00e9m probl\u00e9mu a z\u00edsk\u00e1te zp\u011btnou vazbu od psychologa.Pom\u016f\u017eeme v\u00e1m pochopit, s \u010d\u00edm se pot\u00fdk\u00e1te, ve sv\u011btle&hellip;\" \/>\n<meta property=\"og:url\" content=\"https:\/\/www.poradnahygge.cz\/konzultace\/\" \/>\n<meta property=\"og:site_name\" content=\"Hygge - psychologick\u00e1 poradna\" \/>\n<meta property=\"article:modified_time\" content=\"2024-10-31T12:48:09+00:00\" \/>\n<meta name=\"twitter:card\" content=\"summary_large_image\" \/>\n<meta name=\"twitter:label1\" content=\"Estimated reading time\" \/>\n\t<meta name=\"twitter:data1\" content=\"1 minute\" \/>\n<script type=\"application\/ld+json\" class=\"yoast-schema-graph\">{\"@context\":\"https:\/\/schema.org\",\"@graph\":[{\"@type\":\"WebPage\",\"@id\":\"https:\/\/www.poradnahygge.cz\/konzultace\/\",\"url\":\"https:\/\/www.poradnahygge.cz\/konzultace\/\",\"name\":\"Konzultace | Hygge - psychologick\u00e1 poradna\",\"isPartOf\":{\"@id\":\"\/#website\"},\"datePublished\":\"2023-06-01T13:23:20+00:00\",\"dateModified\":\"2024-10-31T12:48:09+00:00\",\"breadcrumb\":{\"@id\":\"https:\/\/www.poradnahygge.cz\/konzultace\/#breadcrumb\"},\"inLanguage\":\"en-GB\",\"potentialAction\":[{\"@type\":\"ReadAction\",\"target\":[\"https:\/\/www.poradnahygge.cz\/konzultace\/\"]}]},{\"@type\":\"BreadcrumbList\",\"@id\":\"https:\/\/www.poradnahygge.cz\/konzultace\/#breadcrumb\",\"itemListElement\":[{\"@type\":\"ListItem\",\"position\":1,\"name\":\"\u00davod\",\"item\":\"https:\/\/www.poradnahygge.cz\/\"},{\"@type\":\"ListItem\",\"position\":2,\"name\":\"Konzultace\"}]},{\"@type\":\"WebSite\",\"@id\":\"\/#website\",\"url\":\"\/\",\"name\":\"Hygge - psychologick\u00e1 poradna\",\"description\":\"\",\"publisher\":{\"@id\":\"\/#organization\"},\"potentialAction\":[{\"@type\":\"SearchAction\",\"target\":{\"@type\":\"EntryPoint\",\"urlTemplate\":\"\/?s={search_term_string}\"},\"query-input\":{\"@type\":\"PropertyValueSpecification\",\"valueRequired\":true,\"valueName\":\"search_term_string\"}}],\"inLanguage\":\"en-GB\"},{\"@type\":\"Organization\",\"@id\":\"\/#organization\",\"name\":\"Hygge - psychologick\u00e1 poradna\",\"url\":\"\/\",\"logo\":{\"@type\":\"ImageObject\",\"inLanguage\":\"en-GB\",\"@id\":\"\/#\/schema\/logo\/image\/\",\"url\":\"https:\/\/www.poradnahygge.cz\/wp-content\/uploads\/2023\/05\/2023-05-logo-hyge-2.svg\",\"contentUrl\":\"https:\/\/www.poradnahygge.cz\/wp-content\/uploads\/2023\/05\/2023-05-logo-hyge-2.svg\",\"width\":225,\"height\":61,\"caption\":\"Hygge - psychologick\u00e1 poradna\"},\"image\":{\"@id\":\"\/#\/schema\/logo\/image\/\"}}]}<\/script>\n<!-- \/ Yoast SEO plugin. -->","yoast_head_json":{"title":"Konzultace","description":"KONZULTACE\u00a0Konzultace je prvn\u00ed rozhovor (nebo n\u011bkolik prvn\u00edch) s psychologem, kter\u00fd m\u00e1 za \u00fakol porozum\u011bt va\u0161im pot\u0159eb\u00e1m a navrhnout pro v\u00e1s nej\u00fa\u010dinn\u011bj\u0161\u00ed formu pr\u00e1ce. Konzultace m\u016f\u017ee p\u0159edch\u00e1zet zah\u00e1jen\u00ed pravideln\u00e9 terapie. M\u016f\u017ee b\u00fdt tak\u00e9 samostatnou formou pomoci.Na konzultaci budete hovo\u0159it o sv\u00e9m probl\u00e9mu a z\u00edsk\u00e1te zp\u011btnou vazbu od psychologa.Pom\u016f\u017eeme v\u00e1m pochopit, s \u010d\u00edm se pot\u00fdk\u00e1te, ve sv\u011btle&hellip;","robots":{"index":"index","follow":"follow","max-snippet":"max-snippet:-1","max-image-preview":"max-image-preview:large","max-video-preview":"max-video-preview:-1"},"canonical":"https:\/\/www.poradnahygge.cz\/konzultace\/","og_locale":"en_GB","og_type":"article","og_title":"Konzultace","og_description":"KONZULTACE\u00a0Konzultace je prvn\u00ed rozhovor (nebo n\u011bkolik prvn\u00edch) s psychologem, kter\u00fd m\u00e1 za \u00fakol porozum\u011bt va\u0161im pot\u0159eb\u00e1m a navrhnout pro v\u00e1s nej\u00fa\u010dinn\u011bj\u0161\u00ed formu pr\u00e1ce. Konzultace m\u016f\u017ee p\u0159edch\u00e1zet zah\u00e1jen\u00ed pravideln\u00e9 terapie. M\u016f\u017ee b\u00fdt tak\u00e9 samostatnou formou pomoci.Na konzultaci budete hovo\u0159it o sv\u00e9m probl\u00e9mu a z\u00edsk\u00e1te zp\u011btnou vazbu od psychologa.Pom\u016f\u017eeme v\u00e1m pochopit, s \u010d\u00edm se pot\u00fdk\u00e1te, ve sv\u011btle&hellip;","og_url":"https:\/\/www.poradnahygge.cz\/konzultace\/","og_site_name":"Hygge - psychologick\u00e1 poradna","article_modified_time":"2024-10-31T12:48:09+00:00","twitter_card":"summary_large_image","twitter_misc":{"Estimated reading time":"1 minute"},"schema":{"@context":"https:\/\/schema.org","@graph":[{"@type":"WebPage","@id":"https:\/\/www.poradnahygge.cz\/konzultace\/","url":"https:\/\/www.poradnahygge.cz\/konzultace\/","name":"Konzultace | Hygge - psychologick\u00e1 poradna","isPartOf":{"@id":"\/#website"},"datePublished":"2023-06-01T13:23:20+00:00","dateModified":"2024-10-31T12:48:09+00:00","breadcrumb":{"@id":"https:\/\/www.poradnahygge.cz\/konzultace\/#breadcrumb"},"inLanguage":"en-GB","potentialAction":[{"@type":"ReadAction","target":["https:\/\/www.poradnahygge.cz\/konzultace\/"]}]},{"@type":"BreadcrumbList","@id":"https:\/\/www.poradnahygge.cz\/konzultace\/#breadcrumb","itemListElement":[{"@type":"ListItem","position":1,"name":"\u00davod","item":"https:\/\/www.poradnahygge.cz\/"},{"@type":"ListItem","position":2,"name":"Konzultace"}]},{"@type":"WebSite","@id":"\/#website","url":"\/","name":"Hygge - psychologick\u00e1 poradna","description":"","publisher":{"@id":"\/#organization"},"potentialAction":[{"@type":"SearchAction","target":{"@type":"EntryPoint","urlTemplate":"\/?s={search_term_string}"},"query-input":{"@type":"PropertyValueSpecification","valueRequired":true,"valueName":"search_term_string"}}],"inLanguage":"en-GB"},{"@type":"Organization","@id":"\/#organization","name":"Hygge - psychologick\u00e1 poradna","url":"\/","logo":{"@type":"ImageObject","inLanguage":"en-GB","@id":"\/#\/schema\/logo\/image\/","url":"https:\/\/www.poradnahygge.cz\/wp-content\/uploads\/2023\/05\/2023-05-logo-hyge-2.svg","contentUrl":"https:\/\/www.poradnahygge.cz\/wp-content\/uploads\/2023\/05\/2023-05-logo-hyge-2.svg","width":225,"height":61,"caption":"Hygge - psychologick\u00e1 poradna"},"image":{"@id":"\/#\/schema\/logo\/image\/"}}]}},"_links":{"self":[{"href":"https:\/\/www.poradnahygge.cz\/wp-json\/wp\/v2\/pages\/801","targetHints":{"allow":["GET"]}}],"collection":[{"href":"https:\/\/www.poradnahygge.cz\/wp-json\/wp\/v2\/pages"}],"about":[{"href":"https:\/\/www.poradnahygge.cz\/wp-json\/wp\/v2\/types\/page"}],"author":[{"embeddable":true,"href":"https:\/\/www.poradnahygge.cz\/wp-json\/wp\/v2\/users\/1"}],"replies":[{"embeddable":true,"href":"https:\/\/www.poradnahygge.cz\/wp-json\/wp\/v2\/comments?post=801"}],"version-history":[{"count":11,"href":"https:\/\/www.poradnahygge.cz\/wp-json\/wp\/v2\/pages\/801\/revisions"}],"predecessor-version":[{"id":1208,"href":"https:\/\/www.poradnahygge.cz\/wp-json\/wp\/v2\/pages\/801\/revisions\/1208"}],"wp:attachment":[{"href":"https:\/\/www.poradnahygge.cz\/wp-json\/wp\/v2\/media?parent=801"}],"curies":[{"name":"wp","href":"https:\/\/api.w.org\/{rel}","templated":true}]}}