{"id":793,"date":"2023-06-01T15:09:33","date_gmt":"2023-06-01T13:09:33","guid":{"rendered":"http:\/\/www.poradnahygge.cz\/?page_id=793"},"modified":"2024-10-31T13:50:39","modified_gmt":"2024-10-31T12:50:39","slug":"kontakt","status":"publish","type":"page","link":"https:\/\/www.poradnahygge.cz\/kontakt\/","title":{"rendered":"Kontakt"},"content":{"rendered":"\t\t<div data-elementor-type=\"wp-page\" data-elementor-id=\"793\" class=\"elementor elementor-793\">\n\t\t\t\t\t\t<section class=\"elementor-section elementor-top-section elementor-element elementor-element-34f2ebf elementor-section-stretched elementor-section-boxed elementor-section-height-default elementor-section-height-default\" data-id=\"34f2ebf\" data-element_type=\"section\" data-settings=\"{&quot;stretch_section&quot;:&quot;section-stretched&quot;,&quot;_ha_eqh_enable&quot;:false}\">\n\t\t\t\t\t\t<div class=\"elementor-container elementor-column-gap-wider\">\n\t\t\t\t\t<div class=\"elementor-column elementor-col-50 elementor-top-column elementor-element elementor-element-85ce355\" data-id=\"85ce355\" data-element_type=\"column\">\n\t\t\t<div class=\"elementor-widget-wrap elementor-element-populated\">\n\t\t\t\t\t\t<div class=\"elementor-element elementor-element-735322a elementor-widget elementor-widget-heading\" data-id=\"735322a\" data-element_type=\"widget\" data-widget_type=\"heading.default\">\n\t\t\t\t<div class=\"elementor-widget-container\">\n\t\t\t<h1 class=\"elementor-heading-title elementor-size-default\">Contact<\/h1>\t\t<\/div>\n\t\t\t\t<\/div>\n\t\t\t\t<div class=\"elementor-element elementor-element-b147aea elementor-widget elementor-widget-text-editor\" data-id=\"b147aea\" data-element_type=\"widget\" data-widget_type=\"text-editor.default\">\n\t\t\t\t<div class=\"elementor-widget-container\">\n\t\t\t\t\t\t\t<p>Address: Karafi\u00e1tova 894\/3, Olomouc https:\/\/mapy.cz\/s\/nefozofoke<\/p><p>Public Transport: <a href=\"https:\/\/mapy.cz\/s\/lamavenadu\" target=\"_blank\" rel=\"noopener\">Bus &#8211; Karafi\u00e1tova Stop<\/a> \u2013 80 meters away\u00a0<\/p><p>Car \u2013 Parking: <a href=\"https:\/\/mapy.cz\/s\/robasokaze\" target=\"_blank\" rel=\"noopener\">Karafi\u00e1tova Parking Lot<\/a> \u2013 10 meters away\u00a0<\/p>\t\t\t\t\t\t<\/div>\n\t\t\t\t<\/div>\n\t\t\t\t<div class=\"elementor-element elementor-element-01a86bf elementor-widget__width-auto elementor-view-default elementor-widget elementor-widget-icon\" data-id=\"01a86bf\" data-element_type=\"widget\" data-widget_type=\"icon.default\">\n\t\t\t\t<div class=\"elementor-widget-container\">\n\t\t\t\t\t<div class=\"elementor-icon-wrapper\">\n\t\t\t<a class=\"elementor-icon\" href=\"https:\/\/www.linkedin.com\/company\/psychologick%C3%A1-poradna-hygge\" target=\"_blank\">\n\t\t\t<i aria-hidden=\"true\" class=\"fab fa-linkedin\"><\/i>\t\t\t<\/a>\n\t\t<\/div>\n\t\t\t\t<\/div>\n\t\t\t\t<\/div>\n\t\t\t\t<div class=\"elementor-element elementor-element-59dd535 elementor-widget__width-auto elementor-view-default elementor-widget elementor-widget-icon\" data-id=\"59dd535\" data-element_type=\"widget\" data-widget_type=\"icon.default\">\n\t\t\t\t<div class=\"elementor-widget-container\">\n\t\t\t\t\t<div class=\"elementor-icon-wrapper\">\n\t\t\t<a class=\"elementor-icon\" href=\"https:\/\/www.facebook.com\/profile.php?id=61556560462757\" target=\"_blank\">\n\t\t\t<i aria-hidden=\"true\" class=\"fab fa-facebook-square\"><\/i>\t\t\t<\/a>\n\t\t<\/div>\n\t\t\t\t<\/div>\n\t\t\t\t<\/div>\n\t\t\t\t<div class=\"elementor-element elementor-element-e4bded1 elementor-widget elementor-widget-image\" data-id=\"e4bded1\" data-element_type=\"widget\" data-widget_type=\"image.default\">\n\t\t\t\t<div class=\"elementor-widget-container\">\n\t\t\t\t\t\t\t\t\t\t<figure class=\"wp-caption\">\n\t\t\t\t\t\t\t\t\t\t<img fetchpriority=\"high\" decoding=\"async\" width=\"1024\" height=\"681\" src=\"https:\/\/www.poradnahygge.cz\/wp-content\/uploads\/2024\/01\/hdr-parkoviste-1024x681.jpg\" class=\"attachment-large size-large wp-image-926\" alt=\"\" srcset=\"https:\/\/www.poradnahygge.cz\/wp-content\/uploads\/2024\/01\/hdr-parkoviste-1024x681.jpg 1024w, https:\/\/www.poradnahygge.cz\/wp-content\/uploads\/2024\/01\/hdr-parkoviste-300x200.jpg 300w, https:\/\/www.poradnahygge.cz\/wp-content\/uploads\/2024\/01\/hdr-parkoviste-768x511.jpg 768w, https:\/\/www.poradnahygge.cz\/wp-content\/uploads\/2024\/01\/hdr-parkoviste-1536x1022.jpg 1536w, https:\/\/www.poradnahygge.cz\/wp-content\/uploads\/2024\/01\/hdr-parkoviste-2048x1363.jpg 2048w\" sizes=\"(max-width: 1024px) 100vw, 1024px\" \/>\t\t\t\t\t\t\t\t\t\t\t<figcaption class=\"widget-image-caption wp-caption-text\">M\u016f\u017eete u n\u00e1s pohodln\u011b zaparkovat<\/figcaption>\n\t\t\t\t\t\t\t\t\t\t<\/figure>\n\t\t\t\t\t\t\t<\/div>\n\t\t\t\t<\/div>\n\t\t\t\t\t<\/div>\n\t\t<\/div>\n\t\t\t\t<div class=\"elementor-column elementor-col-50 elementor-top-column elementor-element elementor-element-7cb5527\" data-id=\"7cb5527\" data-element_type=\"column\">\n\t\t\t<div class=\"elementor-widget-wrap elementor-element-populated\">\n\t\t\t\t\t\t<div class=\"elementor-element elementor-element-fa85579 elementor-widget elementor-widget-google_maps\" data-id=\"fa85579\" data-element_type=\"widget\" data-widget_type=\"google_maps.default\">\n\t\t\t\t<div class=\"elementor-widget-container\">\n\t\t\t\t\t<div class=\"elementor-custom-embed\">\n\t\t\t<iframe loading=\"lazy\"\n\t\t\t\t\tsrc=\"https:\/\/maps.google.com\/maps?q=Karafi%C3%A1tova%20894%2F3%2C%20Olomouc&#038;t=m&#038;z=16&#038;output=embed&#038;iwloc=near\"\n\t\t\t\t\ttitle=\"Karafi\u00e1tova 894\/3, Olomouc\"\n\t\t\t\t\taria-label=\"Karafi\u00e1tova 894\/3, Olomouc\"\n\t\t\t><\/iframe>\n\t\t<\/div>\n\t\t\t\t<\/div>\n\t\t\t\t<\/div>\n\t\t\t\t\t<\/div>\n\t\t<\/div>\n\t\t\t\t\t<\/div>\n\t\t<\/section>\n\t\t\t\t<\/div>\n\t\t","protected":false},"excerpt":{"rendered":"<p>Kontakt Adresa: Karafi\u00e1tov\u00e1 894\/3, Olomouc\u00a0 tel.:\u00a0 +420 777 910 260 e-mail: kontakt@poradnahygge.cz MHD: Bus &#8211; Zast\u00e1vka Karafi\u00e1tov\u00e1 \u2013 vzd\u00e1lenost 80 metr\u016f\u00a0 Auto \u2013 parkov\u00e1n\u00ed: Parkovi\u0161t\u011b Karafi\u00e1tov\u00e1\u00a0\u2013 vzd\u00e1lenost 10 metr\u016f M\u016f\u017eete u n\u00e1s pohodln\u011b zaparkovat<\/p>\n","protected":false},"author":1,"featured_media":0,"parent":0,"menu_order":0,"comment_status":"closed","ping_status":"closed","template":"","meta":{"_acf_changed":false,"inline_featured_image":false,"footnotes":""},"class_list":["post-793","page","type-page","status-publish"],"acf":[],"yoast_head":"<!-- This site is optimized with the Yoast SEO plugin v23.7 - https:\/\/yoast.com\/wordpress\/plugins\/seo\/ -->\n<title>Kontakt<\/title>\n<meta name=\"description\" content=\"Kontakt Adresa: Karafi\u00e1tov\u00e1 894\/3, Olomouc\u00a0tel.:\u00a0 +420 777 910 260e-mail: kontakt@poradnahygge.czMHD: Bus - Zast\u00e1vka Karafi\u00e1tov\u00e1 \u2013 vzd\u00e1lenost 80 metr\u016f\u00a0Auto \u2013 parkov\u00e1n\u00ed: Parkovi\u0161t\u011b Karafi\u00e1tov\u00e1\u00a0\u2013 vzd\u00e1lenost 10 metr\u016f M\u016f\u017eete u n\u00e1s pohodln\u011b zaparkovat\" \/>\n<meta name=\"robots\" content=\"index, follow, max-snippet:-1, max-image-preview:large, max-video-preview:-1\" \/>\n<link rel=\"canonical\" href=\"https:\/\/www.poradnahygge.cz\/kontakt\/\" \/>\n<meta property=\"og:locale\" content=\"en_GB\" \/>\n<meta property=\"og:type\" content=\"article\" \/>\n<meta property=\"og:title\" content=\"Kontakt\" \/>\n<meta property=\"og:description\" content=\"Kontakt Adresa: Karafi\u00e1tov\u00e1 894\/3, Olomouc\u00a0tel.:\u00a0 +420 777 910 260e-mail: kontakt@poradnahygge.czMHD: Bus - Zast\u00e1vka Karafi\u00e1tov\u00e1 \u2013 vzd\u00e1lenost 80 metr\u016f\u00a0Auto \u2013 parkov\u00e1n\u00ed: Parkovi\u0161t\u011b Karafi\u00e1tov\u00e1\u00a0\u2013 vzd\u00e1lenost 10 metr\u016f M\u016f\u017eete u n\u00e1s pohodln\u011b zaparkovat\" \/>\n<meta property=\"og:url\" content=\"https:\/\/www.poradnahygge.cz\/kontakt\/\" \/>\n<meta property=\"og:site_name\" content=\"Hygge - psychologick\u00e1 poradna\" \/>\n<meta property=\"article:modified_time\" content=\"2024-10-31T12:50:39+00:00\" \/>\n<meta property=\"og:image\" content=\"http:\/\/www.poradnahygge.cz\/wp-content\/uploads\/2024\/01\/hdr-parkoviste-1024x681.jpg\" \/>\n<meta name=\"twitter:card\" content=\"summary_large_image\" \/>\n<meta name=\"twitter:label1\" content=\"Estimated reading time\" \/>\n\t<meta name=\"twitter:data1\" content=\"1 minute\" \/>\n<script type=\"application\/ld+json\" class=\"yoast-schema-graph\">{\"@context\":\"https:\/\/schema.org\",\"@graph\":[{\"@type\":\"WebPage\",\"@id\":\"https:\/\/www.poradnahygge.cz\/kontakt\/\",\"url\":\"https:\/\/www.poradnahygge.cz\/kontakt\/\",\"name\":\"Kontakt | Hygge - psychologick\u00e1 poradna\",\"isPartOf\":{\"@id\":\"\/#website\"},\"primaryImageOfPage\":{\"@id\":\"https:\/\/www.poradnahygge.cz\/kontakt\/#primaryimage\"},\"image\":{\"@id\":\"https:\/\/www.poradnahygge.cz\/kontakt\/#primaryimage\"},\"thumbnailUrl\":\"http:\/\/www.poradnahygge.cz\/wp-content\/uploads\/2024\/01\/hdr-parkoviste-1024x681.jpg\",\"datePublished\":\"2023-06-01T13:09:33+00:00\",\"dateModified\":\"2024-10-31T12:50:39+00:00\",\"breadcrumb\":{\"@id\":\"https:\/\/www.poradnahygge.cz\/kontakt\/#breadcrumb\"},\"inLanguage\":\"en-GB\",\"potentialAction\":[{\"@type\":\"ReadAction\",\"target\":[\"https:\/\/www.poradnahygge.cz\/kontakt\/\"]}]},{\"@type\":\"ImageObject\",\"inLanguage\":\"en-GB\",\"@id\":\"https:\/\/www.poradnahygge.cz\/kontakt\/#primaryimage\",\"url\":\"https:\/\/www.poradnahygge.cz\/wp-content\/uploads\/2024\/01\/hdr-parkoviste-scaled.jpg\",\"contentUrl\":\"https:\/\/www.poradnahygge.cz\/wp-content\/uploads\/2024\/01\/hdr-parkoviste-scaled.jpg\",\"width\":2560,\"height\":1703},{\"@type\":\"BreadcrumbList\",\"@id\":\"https:\/\/www.poradnahygge.cz\/kontakt\/#breadcrumb\",\"itemListElement\":[{\"@type\":\"ListItem\",\"position\":1,\"name\":\"\u00davod\",\"item\":\"https:\/\/www.poradnahygge.cz\/\"},{\"@type\":\"ListItem\",\"position\":2,\"name\":\"Kontakt\"}]},{\"@type\":\"WebSite\",\"@id\":\"\/#website\",\"url\":\"\/\",\"name\":\"Hygge - psychologick\u00e1 poradna\",\"description\":\"\",\"publisher\":{\"@id\":\"\/#organization\"},\"potentialAction\":[{\"@type\":\"SearchAction\",\"target\":{\"@type\":\"EntryPoint\",\"urlTemplate\":\"\/?s={search_term_string}\"},\"query-input\":{\"@type\":\"PropertyValueSpecification\",\"valueRequired\":true,\"valueName\":\"search_term_string\"}}],\"inLanguage\":\"en-GB\"},{\"@type\":\"Organization\",\"@id\":\"\/#organization\",\"name\":\"Hygge - psychologick\u00e1 poradna\",\"url\":\"\/\",\"logo\":{\"@type\":\"ImageObject\",\"inLanguage\":\"en-GB\",\"@id\":\"\/#\/schema\/logo\/image\/\",\"url\":\"https:\/\/www.poradnahygge.cz\/wp-content\/uploads\/2023\/05\/2023-05-logo-hyge-2.svg\",\"contentUrl\":\"https:\/\/www.poradnahygge.cz\/wp-content\/uploads\/2023\/05\/2023-05-logo-hyge-2.svg\",\"width\":225,\"height\":61,\"caption\":\"Hygge - psychologick\u00e1 poradna\"},\"image\":{\"@id\":\"\/#\/schema\/logo\/image\/\"}}]}<\/script>\n<!-- \/ Yoast SEO plugin. -->","yoast_head_json":{"title":"Kontakt","description":"Kontakt Adresa: Karafi\u00e1tov\u00e1 894\/3, Olomouc\u00a0tel.:\u00a0 +420 777 910 260e-mail: kontakt@poradnahygge.czMHD: Bus - Zast\u00e1vka Karafi\u00e1tov\u00e1 \u2013 vzd\u00e1lenost 80 metr\u016f\u00a0Auto \u2013 parkov\u00e1n\u00ed: Parkovi\u0161t\u011b Karafi\u00e1tov\u00e1\u00a0\u2013 vzd\u00e1lenost 10 metr\u016f M\u016f\u017eete u n\u00e1s pohodln\u011b zaparkovat","robots":{"index":"index","follow":"follow","max-snippet":"max-snippet:-1","max-image-preview":"max-image-preview:large","max-video-preview":"max-video-preview:-1"},"canonical":"https:\/\/www.poradnahygge.cz\/kontakt\/","og_locale":"en_GB","og_type":"article","og_title":"Kontakt","og_description":"Kontakt Adresa: Karafi\u00e1tov\u00e1 894\/3, Olomouc\u00a0tel.:\u00a0 +420 777 910 260e-mail: kontakt@poradnahygge.czMHD: Bus - Zast\u00e1vka Karafi\u00e1tov\u00e1 \u2013 vzd\u00e1lenost 80 metr\u016f\u00a0Auto \u2013 parkov\u00e1n\u00ed: Parkovi\u0161t\u011b Karafi\u00e1tov\u00e1\u00a0\u2013 vzd\u00e1lenost 10 metr\u016f M\u016f\u017eete u n\u00e1s pohodln\u011b zaparkovat","og_url":"https:\/\/www.poradnahygge.cz\/kontakt\/","og_site_name":"Hygge - psychologick\u00e1 poradna","article_modified_time":"2024-10-31T12:50:39+00:00","og_image":[{"url":"http:\/\/www.poradnahygge.cz\/wp-content\/uploads\/2024\/01\/hdr-parkoviste-1024x681.jpg"}],"twitter_card":"summary_large_image","twitter_misc":{"Estimated reading time":"1 minute"},"schema":{"@context":"https:\/\/schema.org","@graph":[{"@type":"WebPage","@id":"https:\/\/www.poradnahygge.cz\/kontakt\/","url":"https:\/\/www.poradnahygge.cz\/kontakt\/","name":"Kontakt | Hygge - psychologick\u00e1 poradna","isPartOf":{"@id":"\/#website"},"primaryImageOfPage":{"@id":"https:\/\/www.poradnahygge.cz\/kontakt\/#primaryimage"},"image":{"@id":"https:\/\/www.poradnahygge.cz\/kontakt\/#primaryimage"},"thumbnailUrl":"http:\/\/www.poradnahygge.cz\/wp-content\/uploads\/2024\/01\/hdr-parkoviste-1024x681.jpg","datePublished":"2023-06-01T13:09:33+00:00","dateModified":"2024-10-31T12:50:39+00:00","breadcrumb":{"@id":"https:\/\/www.poradnahygge.cz\/kontakt\/#breadcrumb"},"inLanguage":"en-GB","potentialAction":[{"@type":"ReadAction","target":["https:\/\/www.poradnahygge.cz\/kontakt\/"]}]},{"@type":"ImageObject","inLanguage":"en-GB","@id":"https:\/\/www.poradnahygge.cz\/kontakt\/#primaryimage","url":"https:\/\/www.poradnahygge.cz\/wp-content\/uploads\/2024\/01\/hdr-parkoviste-scaled.jpg","contentUrl":"https:\/\/www.poradnahygge.cz\/wp-content\/uploads\/2024\/01\/hdr-parkoviste-scaled.jpg","width":2560,"height":1703},{"@type":"BreadcrumbList","@id":"https:\/\/www.poradnahygge.cz\/kontakt\/#breadcrumb","itemListElement":[{"@type":"ListItem","position":1,"name":"\u00davod","item":"https:\/\/www.poradnahygge.cz\/"},{"@type":"ListItem","position":2,"name":"Kontakt"}]},{"@type":"WebSite","@id":"\/#website","url":"\/","name":"Hygge - psychologick\u00e1 poradna","description":"","publisher":{"@id":"\/#organization"},"potentialAction":[{"@type":"SearchAction","target":{"@type":"EntryPoint","urlTemplate":"\/?s={search_term_string}"},"query-input":{"@type":"PropertyValueSpecification","valueRequired":true,"valueName":"search_term_string"}}],"inLanguage":"en-GB"},{"@type":"Organization","@id":"\/#organization","name":"Hygge - psychologick\u00e1 poradna","url":"\/","logo":{"@type":"ImageObject","inLanguage":"en-GB","@id":"\/#\/schema\/logo\/image\/","url":"https:\/\/www.poradnahygge.cz\/wp-content\/uploads\/2023\/05\/2023-05-logo-hyge-2.svg","contentUrl":"https:\/\/www.poradnahygge.cz\/wp-content\/uploads\/2023\/05\/2023-05-logo-hyge-2.svg","width":225,"height":61,"caption":"Hygge - psychologick\u00e1 poradna"},"image":{"@id":"\/#\/schema\/logo\/image\/"}}]}},"_links":{"self":[{"href":"https:\/\/www.poradnahygge.cz\/wp-json\/wp\/v2\/pages\/793","targetHints":{"allow":["GET"]}}],"collection":[{"href":"https:\/\/www.poradnahygge.cz\/wp-json\/wp\/v2\/pages"}],"about":[{"href":"https:\/\/www.poradnahygge.cz\/wp-json\/wp\/v2\/types\/page"}],"author":[{"embeddable":true,"href":"https:\/\/www.poradnahygge.cz\/wp-json\/wp\/v2\/users\/1"}],"replies":[{"embeddable":true,"href":"https:\/\/www.poradnahygge.cz\/wp-json\/wp\/v2\/comments?post=793"}],"version-history":[{"count":40,"href":"https:\/\/www.poradnahygge.cz\/wp-json\/wp\/v2\/pages\/793\/revisions"}],"predecessor-version":[{"id":1211,"href":"https:\/\/www.poradnahygge.cz\/wp-json\/wp\/v2\/pages\/793\/revisions\/1211"}],"wp:attachment":[{"href":"https:\/\/www.poradnahygge.cz\/wp-json\/wp\/v2\/media?parent=793"}],"curies":[{"name":"wp","href":"https:\/\/api.w.org\/{rel}","templated":true}]}}