{"id":18,"date":"2021-03-11T15:07:27","date_gmt":"2021-03-11T14:07:27","guid":{"rendered":"http:\/\/zaap2.webuse.cz\/subdom\/zaap2\/?page_id=18"},"modified":"2025-03-18T12:01:04","modified_gmt":"2025-03-18T11:01:04","slug":"uvod","status":"publish","type":"page","link":"https:\/\/www.poradnahygge.cz\/","title":{"rendered":"\u00davod"},"content":{"rendered":"\t\t<div data-elementor-type=\"wp-page\" data-elementor-id=\"18\" class=\"elementor elementor-18\">\n\t\t\t\t\t\t<section class=\"elementor-section elementor-top-section elementor-element elementor-element-62efc12 elementor-section-stretched uvod-top elementor-section-boxed elementor-section-height-default elementor-section-height-default\" data-id=\"62efc12\" data-element_type=\"section\" data-settings=\"{&quot;stretch_section&quot;:&quot;section-stretched&quot;,&quot;background_background&quot;:&quot;classic&quot;,&quot;_ha_eqh_enable&quot;:false}\">\n\t\t\t\t\t\t\t<div class=\"elementor-background-overlay\"><\/div>\n\t\t\t\t\t\t\t<div class=\"elementor-container elementor-column-gap-wider\">\n\t\t\t\t\t<div class=\"elementor-column elementor-col-50 elementor-top-column elementor-element elementor-element-d86f64a\" data-id=\"d86f64a\" data-element_type=\"column\">\n\t\t\t<div class=\"elementor-widget-wrap elementor-element-populated\">\n\t\t\t\t\t\t<div class=\"elementor-element elementor-element-3097e33 elementor-widget elementor-widget-text-editor\" data-id=\"3097e33\" data-element_type=\"widget\" data-widget_type=\"text-editor.default\">\n\t\t\t\t<div class=\"elementor-widget-container\">\n\t\t\t\t\t\t\t<h1>PSYCHOLOGICAL COUNSELING\nAND PSYCHOTHERAPY<\/h1>\n<h3><span style=\"color: #ffffff;\">in an atmosphere of safety and trust<\/span><\/h3>\t\t\t\t\t\t<\/div>\n\t\t\t\t<\/div>\n\t\t\t\t\t<\/div>\n\t\t<\/div>\n\t\t\t\t<div class=\"elementor-column elementor-col-50 elementor-top-column elementor-element elementor-element-3ddcdd0 animace\" data-id=\"3ddcdd0\" data-element_type=\"column\">\n\t\t\t<div class=\"elementor-widget-wrap elementor-element-populated\">\n\t\t\t\t\t\t<div class=\"elementor-element elementor-element-0c3bc42 animace elementor-widget elementor-widget-text-editor\" data-id=\"0c3bc42\" data-element_type=\"widget\" data-widget_type=\"text-editor.default\">\n\t\t\t\t<div class=\"elementor-widget-container\">\n\t\t\t\t\t\t\t<div class=\"slidex\">\n<div class=\"cont\">\n<div class=\"slide1\">comfort<\/div>\n<div class=\"slide2\">coziness<\/div>\n<div class=\"slide3\">warmth<\/div>\n<div class=\"slide4\">pleasant atmosphere<\/div>\n<div class=\"slide5\">satisfaction<\/div>\n<div class=\"slide6\">= hygge<\/div>\n<\/div>\n<\/div>\t\t\t\t\t\t<\/div>\n\t\t\t\t<\/div>\n\t\t\t\t\t<\/div>\n\t\t<\/div>\n\t\t\t\t\t<\/div>\n\t\t<\/section>\n\t\t\t\t<section class=\"elementor-section elementor-top-section elementor-element elementor-element-23efc15 siroky elementor-section-full_width elementor-section-stretched elementor-section-height-default elementor-section-height-default\" data-id=\"23efc15\" data-element_type=\"section\" data-settings=\"{&quot;stretch_section&quot;:&quot;section-stretched&quot;,&quot;background_background&quot;:&quot;classic&quot;,&quot;_ha_eqh_enable&quot;:false}\">\n\t\t\t\t\t\t<div class=\"elementor-container elementor-column-gap-default\">\n\t\t\t\t\t<div class=\"elementor-column elementor-col-100 elementor-top-column elementor-element elementor-element-0c6c1e8\" data-id=\"0c6c1e8\" data-element_type=\"column\">\n\t\t\t<div class=\"elementor-widget-wrap elementor-element-populated\">\n\t\t\t\t\t\t<div class=\"elementor-element elementor-element-bc32354 elementor-widget elementor-widget-heading\" data-id=\"bc32354\" data-element_type=\"widget\" data-widget_type=\"heading.default\">\n\t\t\t\t<div class=\"elementor-widget-container\">\n\t\t\t<h2 class=\"elementor-heading-title elementor-size-default\">Nejbli\u017e\u0161\u00ed workshopy<\/h2>\t\t<\/div>\n\t\t\t\t<\/div>\n\t\t\t\t<div class=\"elementor-element elementor-element-fc8d74f elementor-widget elementor-widget-shortcode\" data-id=\"fc8d74f\" data-element_type=\"widget\" data-widget_type=\"shortcode.default\">\n\t\t\t\t<div class=\"elementor-widget-container\">\n\t\t\t\t\t<div class=\"elementor-shortcode\"><div class='akceuvod'><\/div><\/div>\n\t\t\t\t<\/div>\n\t\t\t\t<\/div>\n\t\t\t\t\t<\/div>\n\t\t<\/div>\n\t\t\t\t\t<\/div>\n\t\t<\/section>\n\t\t\t\t<section class=\"elementor-section elementor-top-section elementor-element elementor-element-30898e0 elementor-section-stretched elementor-section-boxed elementor-section-height-default elementor-section-height-default\" data-id=\"30898e0\" data-element_type=\"section\" data-settings=\"{&quot;stretch_section&quot;:&quot;section-stretched&quot;,&quot;_ha_eqh_enable&quot;:false}\">\n\t\t\t\t\t\t<div class=\"elementor-container elementor-column-gap-wider\">\n\t\t\t\t\t<div class=\"elementor-column elementor-col-50 elementor-top-column elementor-element elementor-element-e2b9266\" data-id=\"e2b9266\" data-element_type=\"column\">\n\t\t\t<div class=\"elementor-widget-wrap elementor-element-populated\">\n\t\t\t\t\t\t<div class=\"elementor-element elementor-element-95819e0 elementor-widget elementor-widget-text-editor\" data-id=\"95819e0\" data-element_type=\"widget\" data-widget_type=\"text-editor.default\">\n\t\t\t\t<div class=\"elementor-widget-container\">\n\t\t\t\t\t\t\t<h2>About Us<\/h2><p>Welcome to Hygge Psychological Counseling, where we specialize in crisis intervention, psychological counseling, and psychotherapy aimed at providing support and assistance in personal growth and managing difficult life situations. Our goal is to create a safe and confidential environment for our clients to open up and share their problems and concerns.<\/p>\t\t\t\t\t\t<\/div>\n\t\t\t\t<\/div>\n\t\t\t\t\t<\/div>\n\t\t<\/div>\n\t\t\t\t<div class=\"elementor-column elementor-col-50 elementor-top-column elementor-element elementor-element-05b127a\" data-id=\"05b127a\" data-element_type=\"column\">\n\t\t\t<div class=\"elementor-widget-wrap elementor-element-populated\">\n\t\t\t\t\t\t<div class=\"elementor-element elementor-element-7c14f5a elementor-widget elementor-widget-text-editor\" data-id=\"7c14f5a\" data-element_type=\"widget\" data-widget_type=\"text-editor.default\">\n\t\t\t\t<div class=\"elementor-widget-container\">\n\t\t\t\t\t\t\t<h2>Our Mission<\/h2><p>The term <strong><em>hygge<\/em><\/strong> comes from Danish and has several meanings, including comfort, coziness, warmth, pleasant atmosphere, and contentment. This is also our aim: to provide a safe and comfortable shelter where we help clients find inner balance, security, and a sense of harmony.\u0159<\/p>\t\t\t\t\t\t<\/div>\n\t\t\t\t<\/div>\n\t\t\t\t\t<\/div>\n\t\t<\/div>\n\t\t\t\t\t<\/div>\n\t\t<\/section>\n\t\t\t\t<section class=\"elementor-section elementor-top-section elementor-element elementor-element-41836a1 elementor-section-stretched uvod-text elementor-section-boxed elementor-section-height-default elementor-section-height-default\" data-id=\"41836a1\" data-element_type=\"section\" data-settings=\"{&quot;stretch_section&quot;:&quot;section-stretched&quot;,&quot;background_background&quot;:&quot;classic&quot;,&quot;_ha_eqh_enable&quot;:false}\">\n\t\t\t\t\t\t<div class=\"elementor-container elementor-column-gap-custom\">\n\t\t\t\t\t<div class=\"elementor-column elementor-col-33 elementor-top-column elementor-element elementor-element-967b4bd\" data-id=\"967b4bd\" data-element_type=\"column\">\n\t\t\t<div class=\"elementor-widget-wrap elementor-element-populated\">\n\t\t\t\t\t\t<div class=\"elementor-element elementor-element-be7b694 elementor-widget elementor-widget-text-editor\" data-id=\"be7b694\" data-element_type=\"widget\" data-widget_type=\"text-editor.default\">\n\t\t\t\t<div class=\"elementor-widget-container\">\n\t\t\t\t\t\t\t<h4><span style=\"color: #87ab73;\">INDIVIDUALITY<\/span> AND RESPECT<\/h4><p>Our counseling center respects and acknowledges the diversity and individuality of each client, and we strive to create a tailored support and therapy plan for each person.<\/p>\t\t\t\t\t\t<\/div>\n\t\t\t\t<\/div>\n\t\t\t\t\t<\/div>\n\t\t<\/div>\n\t\t\t\t<div class=\"elementor-column elementor-col-33 elementor-top-column elementor-element elementor-element-5251c50\" data-id=\"5251c50\" data-element_type=\"column\">\n\t\t\t<div class=\"elementor-widget-wrap elementor-element-populated\">\n\t\t\t\t\t\t<div class=\"elementor-element elementor-element-36c75d8 elementor-widget elementor-widget-text-editor\" data-id=\"36c75d8\" data-element_type=\"widget\" data-widget_type=\"text-editor.default\">\n\t\t\t\t<div class=\"elementor-widget-container\">\n\t\t\t\t\t\t\t<h4>PROFESSIONAL AND <span style=\"color: #87ab73;\">ETHICAL<\/span><\/h4><p>Support is provided by qualified experts in psychology, psychotherapy, and crisis intervention. Our services are provided strictly according to professional standards and ethical values.<\/p>\t\t\t\t\t\t<\/div>\n\t\t\t\t<\/div>\n\t\t\t\t\t<\/div>\n\t\t<\/div>\n\t\t\t\t<div class=\"elementor-column elementor-col-33 elementor-top-column elementor-element elementor-element-4a76311\" data-id=\"4a76311\" data-element_type=\"column\">\n\t\t\t<div class=\"elementor-widget-wrap elementor-element-populated\">\n\t\t\t\t\t\t<div class=\"elementor-element elementor-element-1a6b132 elementor-widget elementor-widget-text-editor\" data-id=\"1a6b132\" data-element_type=\"widget\" data-widget_type=\"text-editor.default\">\n\t\t\t\t<div class=\"elementor-widget-container\">\n\t\t\t\t\t\t\t<h4><strong><span style=\"color: #87ab73;\">DISCREET<\/span> AND ANONYMOUS<\/strong><\/h4><p>Professional counseling is provided discreetly and anonymously. We do not need to keep records in medical documentation.<\/p>\t\t\t\t\t\t<\/div>\n\t\t\t\t<\/div>\n\t\t\t\t\t<\/div>\n\t\t<\/div>\n\t\t\t\t\t<\/div>\n\t\t<\/section>\n\t\t\t\t<section class=\"elementor-section elementor-top-section elementor-element elementor-element-3ecc964 elementor-section-full_width elementor-section-stretched elementor-section-height-default elementor-section-height-default\" data-id=\"3ecc964\" data-element_type=\"section\" data-settings=\"{&quot;stretch_section&quot;:&quot;section-stretched&quot;,&quot;_ha_eqh_enable&quot;:false}\">\n\t\t\t\t\t\t<div class=\"elementor-container elementor-column-gap-default\">\n\t\t\t\t\t<div class=\"elementor-column elementor-col-100 elementor-top-column elementor-element elementor-element-01ce9b4\" data-id=\"01ce9b4\" data-element_type=\"column\">\n\t\t\t<div class=\"elementor-widget-wrap elementor-element-populated\">\n\t\t\t\t\t\t<div class=\"elementor-element elementor-element-8bbc442 galerie ha-image-grid--masonry elementor-widget elementor-widget-ha-image-grid happy-addon ha-image-grid\" data-id=\"8bbc442\" data-element_type=\"widget\" data-settings=\"{&quot;layout&quot;:&quot;masonry&quot;,&quot;enable_popup&quot;:&quot;yes&quot;}\" data-widget_type=\"ha-image-grid.default\">\n\t\t\t\t<div class=\"elementor-widget-container\">\n\t\t\t\n\t\t<div class=\"ha-image-grid__wrap hajs-isotope ha-lightbox--has\">\n\t\t\t\t\t\t\t\n\t\t\t\t<a href=\"#\" data-mfp-src=\"https:\/\/www.poradnahygge.cz\/wp-content\/uploads\/2024\/01\/hdr-kancelar-3-c-1024x681.jpg\" class=\"ha-image-grid__item ha-js-lightbox __fltr-1\">\n\t\t\t\t\t<img fetchpriority=\"high\" decoding=\"async\" width=\"1024\" height=\"681\" src=\"https:\/\/www.poradnahygge.cz\/wp-content\/uploads\/2024\/01\/hdr-kancelar-3-c-1024x681.jpg\" class=\"elementor-animation-grow\" alt=\"\" srcset=\"https:\/\/www.poradnahygge.cz\/wp-content\/uploads\/2024\/01\/hdr-kancelar-3-c-1024x681.jpg 1024w, https:\/\/www.poradnahygge.cz\/wp-content\/uploads\/2024\/01\/hdr-kancelar-3-c-300x200.jpg 300w, https:\/\/www.poradnahygge.cz\/wp-content\/uploads\/2024\/01\/hdr-kancelar-3-c-768x511.jpg 768w, https:\/\/www.poradnahygge.cz\/wp-content\/uploads\/2024\/01\/hdr-kancelar-3-c-1536x1022.jpg 1536w, https:\/\/www.poradnahygge.cz\/wp-content\/uploads\/2024\/01\/hdr-kancelar-3-c-2048x1363.jpg 2048w\" sizes=\"(max-width: 1024px) 100vw, 1024px\" \/>\t\t\t\t<\/a>\n\t\t\t\t\t\t\t\n\t\t\t\t<a href=\"#\" data-mfp-src=\"https:\/\/www.poradnahygge.cz\/wp-content\/uploads\/2024\/01\/hdr-kancelar-1-e-1024x681.jpg\" class=\"ha-image-grid__item ha-js-lightbox __fltr-1\">\n\t\t\t\t\t<img decoding=\"async\" width=\"1024\" height=\"681\" src=\"https:\/\/www.poradnahygge.cz\/wp-content\/uploads\/2024\/01\/hdr-kancelar-1-e-1024x681.jpg\" class=\"elementor-animation-grow\" alt=\"\" srcset=\"https:\/\/www.poradnahygge.cz\/wp-content\/uploads\/2024\/01\/hdr-kancelar-1-e-1024x681.jpg 1024w, https:\/\/www.poradnahygge.cz\/wp-content\/uploads\/2024\/01\/hdr-kancelar-1-e-300x200.jpg 300w, https:\/\/www.poradnahygge.cz\/wp-content\/uploads\/2024\/01\/hdr-kancelar-1-e-768x511.jpg 768w, https:\/\/www.poradnahygge.cz\/wp-content\/uploads\/2024\/01\/hdr-kancelar-1-e-1536x1022.jpg 1536w, https:\/\/www.poradnahygge.cz\/wp-content\/uploads\/2024\/01\/hdr-kancelar-1-e-2048x1363.jpg 2048w\" sizes=\"(max-width: 1024px) 100vw, 1024px\" \/>\t\t\t\t<\/a>\n\t\t\t\t\t\t\t\n\t\t\t\t<a href=\"#\" data-mfp-src=\"https:\/\/www.poradnahygge.cz\/wp-content\/uploads\/2024\/01\/hdr-kancelar-2-a-1024x681.jpg\" class=\"ha-image-grid__item ha-js-lightbox __fltr-1\">\n\t\t\t\t\t<img decoding=\"async\" width=\"1024\" height=\"681\" src=\"https:\/\/www.poradnahygge.cz\/wp-content\/uploads\/2024\/01\/hdr-kancelar-2-a-1024x681.jpg\" class=\"elementor-animation-grow\" alt=\"\" srcset=\"https:\/\/www.poradnahygge.cz\/wp-content\/uploads\/2024\/01\/hdr-kancelar-2-a-1024x681.jpg 1024w, https:\/\/www.poradnahygge.cz\/wp-content\/uploads\/2024\/01\/hdr-kancelar-2-a-300x200.jpg 300w, https:\/\/www.poradnahygge.cz\/wp-content\/uploads\/2024\/01\/hdr-kancelar-2-a-768x511.jpg 768w, https:\/\/www.poradnahygge.cz\/wp-content\/uploads\/2024\/01\/hdr-kancelar-2-a-1536x1022.jpg 1536w, https:\/\/www.poradnahygge.cz\/wp-content\/uploads\/2024\/01\/hdr-kancelar-2-a-2048x1363.jpg 2048w\" sizes=\"(max-width: 1024px) 100vw, 1024px\" \/>\t\t\t\t<\/a>\n\t\t\t\t\t\t\t\n\t\t\t\t<a href=\"#\" data-mfp-src=\"https:\/\/www.poradnahygge.cz\/wp-content\/uploads\/2024\/01\/hdr-kancelar-3-a-1024x681.jpg\" class=\"ha-image-grid__item ha-js-lightbox __fltr-1\">\n\t\t\t\t\t<img loading=\"lazy\" decoding=\"async\" width=\"1024\" height=\"681\" src=\"https:\/\/www.poradnahygge.cz\/wp-content\/uploads\/2024\/01\/hdr-kancelar-3-a-1024x681.jpg\" class=\"elementor-animation-grow\" alt=\"\" srcset=\"https:\/\/www.poradnahygge.cz\/wp-content\/uploads\/2024\/01\/hdr-kancelar-3-a-1024x681.jpg 1024w, https:\/\/www.poradnahygge.cz\/wp-content\/uploads\/2024\/01\/hdr-kancelar-3-a-300x200.jpg 300w, https:\/\/www.poradnahygge.cz\/wp-content\/uploads\/2024\/01\/hdr-kancelar-3-a-768x511.jpg 768w, https:\/\/www.poradnahygge.cz\/wp-content\/uploads\/2024\/01\/hdr-kancelar-3-a-1536x1022.jpg 1536w, https:\/\/www.poradnahygge.cz\/wp-content\/uploads\/2024\/01\/hdr-kancelar-3-a-2048x1363.jpg 2048w\" sizes=\"(max-width: 1024px) 100vw, 1024px\" \/>\t\t\t\t<\/a>\n\t\t\t\t\t<\/div>\n\n\t\t\t\t<\/div>\n\t\t\t\t<\/div>\n\t\t\t\t\t<\/div>\n\t\t<\/div>\n\t\t\t\t\t<\/div>\n\t\t<\/section>\n\t\t\t\t<\/div>\n\t\t","protected":false},"excerpt":{"rendered":"<p>PSYCHOLOGICK\u00c9 PORADENSTV\u00cd\u00a0A\u00a0 PSYCHOTERAPIE v atmosf\u00e9\u0159e bezpe\u010d\u00ed a d\u016fv\u011bry pohoda\u00fatulnostteplop\u0159\u00edjemn\u00e1 atmosf\u00e9raspokojenost= hygge Nejbli\u017e\u0161\u00ed workshopy O n\u00e1s Psychologick\u00e1 poradna Hygge je m\u00edstem, kde se specializujeme se na krizovou intervenci, psychologick\u00e9 poradenstv\u00ed a psychoterapii, kter\u00e1 je zam\u011b\u0159ena na poskytov\u00e1n\u00ed podpory a pomoci v osobn\u00edm r\u016fstu i zvl\u00e1d\u00e1n\u00ed obt\u00ed\u017en\u00fdch \u017eivotn\u00edch situac\u00ed. Na\u0161\u00edm c\u00edlem je vytvo\u0159it bezpe\u010dn\u00e9 a d\u016fv\u011brn\u00e9 prost\u0159ed\u00ed &#8230; <a title=\"Relaxa\u010dn\u00ed techniky &#8211; pravideln\u00e1 setk\u00e1n\u00ed pro jejich osvojen\u00ed\u00a0\" class=\"read-more\" href=\"https:\/\/www.poradnahygge.cz\/workshop\/relaxacni-techniky-pravidelna-setkani-pro-jejich-osvojeni-4\/\" aria-label=\"More on Relaxa\u010dn\u00ed techniky &#8211; pravideln\u00e1 setk\u00e1n\u00ed pro jejich osvojen\u00ed\u00a0\">Read more<\/a><\/p>\n","protected":false},"author":1,"featured_media":927,"parent":0,"menu_order":0,"comment_status":"closed","ping_status":"closed","template":"","meta":{"_acf_changed":false,"inline_featured_image":false,"footnotes":""},"class_list":["post-18","page","type-page","status-publish","has-post-thumbnail","hentry"],"acf":[],"yoast_head":"<!-- This site is optimized with the Yoast SEO plugin v23.7 - https:\/\/yoast.com\/wordpress\/plugins\/seo\/ -->\n<title>Hygge | psychologick\u00e1 poradna v Olomouci<\/title>\n<meta name=\"description\" content=\"Krizov\u00e1 intervence, poradenstv\u00ed a psychoterapie. Poskytujeme podporu v osobn\u00edm r\u016fstu i zvl\u00e1d\u00e1n\u00ed obt\u00ed\u017en\u00fdch \u017eivotn\u00edch situac\u00ed.\" \/>\n<meta name=\"robots\" content=\"index, follow, max-snippet:-1, max-image-preview:large, max-video-preview:-1\" \/>\n<link rel=\"canonical\" href=\"https:\/\/www.poradnahygge.cz\/\" \/>\n<meta property=\"og:locale\" content=\"en_GB\" \/>\n<meta property=\"og:type\" content=\"article\" \/>\n<meta property=\"og:title\" content=\"Hygge | psychologick\u00e1 poradna v Olomouci\" \/>\n<meta property=\"og:description\" content=\"Krizov\u00e1 intervence, poradenstv\u00ed a psychoterapie. Poskytujeme podporu v osobn\u00edm r\u016fstu i zvl\u00e1d\u00e1n\u00ed obt\u00ed\u017en\u00fdch \u017eivotn\u00edch situac\u00ed.\" \/>\n<meta property=\"og:url\" content=\"https:\/\/www.poradnahygge.cz\/\" \/>\n<meta property=\"og:site_name\" content=\"Hygge - psychologick\u00e1 poradna\" \/>\n<meta property=\"article:modified_time\" content=\"2025-03-18T11:01:04+00:00\" \/>\n<meta property=\"og:image\" content=\"https:\/\/www.poradnahygge.cz\/wp-content\/uploads\/2024\/01\/hdr-kancelar-1-e-scaled.jpg\" \/>\n\t<meta property=\"og:image:width\" content=\"2560\" \/>\n\t<meta property=\"og:image:height\" content=\"1703\" \/>\n\t<meta property=\"og:image:type\" content=\"image\/jpeg\" \/>\n<meta name=\"twitter:card\" content=\"summary_large_image\" \/>\n<meta name=\"twitter:title\" content=\"Hygge | psychologick\u00e1 poradna v Olomouci\" \/>\n<meta name=\"twitter:description\" content=\"Krizov\u00e1 intervence, poradenstv\u00ed a psychoterapie. Poskytujeme podporu v osobn\u00edm r\u016fstu i zvl\u00e1d\u00e1n\u00ed obt\u00ed\u017en\u00fdch \u017eivotn\u00edch situac\u00ed.\" \/>\n<meta name=\"twitter:image\" content=\"https:\/\/www.poradnahygge.cz\/wp-content\/uploads\/2024\/01\/hdr-kancelar-1-e-scaled.jpg\" \/>\n<meta name=\"twitter:label1\" content=\"Estimated reading time\" \/>\n\t<meta name=\"twitter:data1\" content=\"2 minutes\" \/>\n<script type=\"application\/ld+json\" class=\"yoast-schema-graph\">{\"@context\":\"https:\/\/schema.org\",\"@graph\":[{\"@type\":\"WebPage\",\"@id\":\"https:\/\/www.poradnahygge.cz\/\",\"url\":\"https:\/\/www.poradnahygge.cz\/\",\"name\":\"Hygge | psychologick\u00e1 poradna v Olomouci\",\"isPartOf\":{\"@id\":\"\/#website\"},\"primaryImageOfPage\":{\"@id\":\"https:\/\/www.poradnahygge.cz\/#primaryimage\"},\"image\":{\"@id\":\"https:\/\/www.poradnahygge.cz\/#primaryimage\"},\"thumbnailUrl\":\"https:\/\/www.poradnahygge.cz\/wp-content\/uploads\/2024\/01\/hdr-kancelar-1-e-scaled.jpg\",\"datePublished\":\"2021-03-11T14:07:27+00:00\",\"dateModified\":\"2025-03-18T11:01:04+00:00\",\"description\":\"Krizov\u00e1 intervence, poradenstv\u00ed a psychoterapie. Poskytujeme podporu v osobn\u00edm r\u016fstu i zvl\u00e1d\u00e1n\u00ed obt\u00ed\u017en\u00fdch \u017eivotn\u00edch situac\u00ed.\",\"breadcrumb\":{\"@id\":\"https:\/\/www.poradnahygge.cz\/#breadcrumb\"},\"inLanguage\":\"en-GB\",\"potentialAction\":[{\"@type\":\"ReadAction\",\"target\":[\"https:\/\/www.poradnahygge.cz\/\"]}]},{\"@type\":\"ImageObject\",\"inLanguage\":\"en-GB\",\"@id\":\"https:\/\/www.poradnahygge.cz\/#primaryimage\",\"url\":\"https:\/\/www.poradnahygge.cz\/wp-content\/uploads\/2024\/01\/hdr-kancelar-1-e-scaled.jpg\",\"contentUrl\":\"https:\/\/www.poradnahygge.cz\/wp-content\/uploads\/2024\/01\/hdr-kancelar-1-e-scaled.jpg\",\"width\":2560,\"height\":1703},{\"@type\":\"BreadcrumbList\",\"@id\":\"https:\/\/www.poradnahygge.cz\/#breadcrumb\",\"itemListElement\":[{\"@type\":\"ListItem\",\"position\":1,\"name\":\"\u00davod\",\"item\":\"https:\/\/www.poradnahygge.cz\/\"},{\"@type\":\"ListItem\",\"position\":2,\"name\":\"\u00davod\"}]},{\"@type\":\"WebSite\",\"@id\":\"\/#website\",\"url\":\"\/\",\"name\":\"Hygge - psychologick\u00e1 poradna\",\"description\":\"\",\"publisher\":{\"@id\":\"\/#organization\"},\"potentialAction\":[{\"@type\":\"SearchAction\",\"target\":{\"@type\":\"EntryPoint\",\"urlTemplate\":\"\/?s={search_term_string}\"},\"query-input\":{\"@type\":\"PropertyValueSpecification\",\"valueRequired\":true,\"valueName\":\"search_term_string\"}}],\"inLanguage\":\"en-GB\"},{\"@type\":\"Organization\",\"@id\":\"\/#organization\",\"name\":\"Hygge - psychologick\u00e1 poradna\",\"url\":\"\/\",\"logo\":{\"@type\":\"ImageObject\",\"inLanguage\":\"en-GB\",\"@id\":\"\/#\/schema\/logo\/image\/\",\"url\":\"https:\/\/www.poradnahygge.cz\/wp-content\/uploads\/2023\/05\/2023-05-logo-hyge-2.svg\",\"contentUrl\":\"https:\/\/www.poradnahygge.cz\/wp-content\/uploads\/2023\/05\/2023-05-logo-hyge-2.svg\",\"width\":225,\"height\":61,\"caption\":\"Hygge - psychologick\u00e1 poradna\"},\"image\":{\"@id\":\"\/#\/schema\/logo\/image\/\"}}]}<\/script>\n<!-- \/ Yoast SEO plugin. -->","yoast_head_json":{"title":"Hygge | psychologick\u00e1 poradna v Olomouci","description":"Krizov\u00e1 intervence, poradenstv\u00ed a psychoterapie. Poskytujeme podporu v osobn\u00edm r\u016fstu i zvl\u00e1d\u00e1n\u00ed obt\u00ed\u017en\u00fdch \u017eivotn\u00edch situac\u00ed.","robots":{"index":"index","follow":"follow","max-snippet":"max-snippet:-1","max-image-preview":"max-image-preview:large","max-video-preview":"max-video-preview:-1"},"canonical":"https:\/\/www.poradnahygge.cz\/","og_locale":"en_GB","og_type":"article","og_title":"Hygge | psychologick\u00e1 poradna v Olomouci","og_description":"Krizov\u00e1 intervence, poradenstv\u00ed a psychoterapie. Poskytujeme podporu v osobn\u00edm r\u016fstu i zvl\u00e1d\u00e1n\u00ed obt\u00ed\u017en\u00fdch \u017eivotn\u00edch situac\u00ed.","og_url":"https:\/\/www.poradnahygge.cz\/","og_site_name":"Hygge - psychologick\u00e1 poradna","article_modified_time":"2025-03-18T11:01:04+00:00","og_image":[{"width":2560,"height":1703,"url":"https:\/\/www.poradnahygge.cz\/wp-content\/uploads\/2024\/01\/hdr-kancelar-1-e-scaled.jpg","type":"image\/jpeg"}],"twitter_card":"summary_large_image","twitter_title":"Hygge | psychologick\u00e1 poradna v Olomouci","twitter_description":"Krizov\u00e1 intervence, poradenstv\u00ed a psychoterapie. Poskytujeme podporu v osobn\u00edm r\u016fstu i zvl\u00e1d\u00e1n\u00ed obt\u00ed\u017en\u00fdch \u017eivotn\u00edch situac\u00ed.","twitter_image":"https:\/\/www.poradnahygge.cz\/wp-content\/uploads\/2024\/01\/hdr-kancelar-1-e-scaled.jpg","twitter_misc":{"Estimated reading time":"2 minutes"},"schema":{"@context":"https:\/\/schema.org","@graph":[{"@type":"WebPage","@id":"https:\/\/www.poradnahygge.cz\/","url":"https:\/\/www.poradnahygge.cz\/","name":"Hygge | psychologick\u00e1 poradna v Olomouci","isPartOf":{"@id":"\/#website"},"primaryImageOfPage":{"@id":"https:\/\/www.poradnahygge.cz\/#primaryimage"},"image":{"@id":"https:\/\/www.poradnahygge.cz\/#primaryimage"},"thumbnailUrl":"https:\/\/www.poradnahygge.cz\/wp-content\/uploads\/2024\/01\/hdr-kancelar-1-e-scaled.jpg","datePublished":"2021-03-11T14:07:27+00:00","dateModified":"2025-03-18T11:01:04+00:00","description":"Krizov\u00e1 intervence, poradenstv\u00ed a psychoterapie. Poskytujeme podporu v osobn\u00edm r\u016fstu i zvl\u00e1d\u00e1n\u00ed obt\u00ed\u017en\u00fdch \u017eivotn\u00edch situac\u00ed.","breadcrumb":{"@id":"https:\/\/www.poradnahygge.cz\/#breadcrumb"},"inLanguage":"en-GB","potentialAction":[{"@type":"ReadAction","target":["https:\/\/www.poradnahygge.cz\/"]}]},{"@type":"ImageObject","inLanguage":"en-GB","@id":"https:\/\/www.poradnahygge.cz\/#primaryimage","url":"https:\/\/www.poradnahygge.cz\/wp-content\/uploads\/2024\/01\/hdr-kancelar-1-e-scaled.jpg","contentUrl":"https:\/\/www.poradnahygge.cz\/wp-content\/uploads\/2024\/01\/hdr-kancelar-1-e-scaled.jpg","width":2560,"height":1703},{"@type":"BreadcrumbList","@id":"https:\/\/www.poradnahygge.cz\/#breadcrumb","itemListElement":[{"@type":"ListItem","position":1,"name":"\u00davod","item":"https:\/\/www.poradnahygge.cz\/"},{"@type":"ListItem","position":2,"name":"\u00davod"}]},{"@type":"WebSite","@id":"\/#website","url":"\/","name":"Hygge - psychologick\u00e1 poradna","description":"","publisher":{"@id":"\/#organization"},"potentialAction":[{"@type":"SearchAction","target":{"@type":"EntryPoint","urlTemplate":"\/?s={search_term_string}"},"query-input":{"@type":"PropertyValueSpecification","valueRequired":true,"valueName":"search_term_string"}}],"inLanguage":"en-GB"},{"@type":"Organization","@id":"\/#organization","name":"Hygge - psychologick\u00e1 poradna","url":"\/","logo":{"@type":"ImageObject","inLanguage":"en-GB","@id":"\/#\/schema\/logo\/image\/","url":"https:\/\/www.poradnahygge.cz\/wp-content\/uploads\/2023\/05\/2023-05-logo-hyge-2.svg","contentUrl":"https:\/\/www.poradnahygge.cz\/wp-content\/uploads\/2023\/05\/2023-05-logo-hyge-2.svg","width":225,"height":61,"caption":"Hygge - psychologick\u00e1 poradna"},"image":{"@id":"\/#\/schema\/logo\/image\/"}}]}},"_links":{"self":[{"href":"https:\/\/www.poradnahygge.cz\/wp-json\/wp\/v2\/pages\/18","targetHints":{"allow":["GET"]}}],"collection":[{"href":"https:\/\/www.poradnahygge.cz\/wp-json\/wp\/v2\/pages"}],"about":[{"href":"https:\/\/www.poradnahygge.cz\/wp-json\/wp\/v2\/types\/page"}],"author":[{"embeddable":true,"href":"https:\/\/www.poradnahygge.cz\/wp-json\/wp\/v2\/users\/1"}],"replies":[{"embeddable":true,"href":"https:\/\/www.poradnahygge.cz\/wp-json\/wp\/v2\/comments?post=18"}],"version-history":[{"count":627,"href":"https:\/\/www.poradnahygge.cz\/wp-json\/wp\/v2\/pages\/18\/revisions"}],"predecessor-version":[{"id":1302,"href":"https:\/\/www.poradnahygge.cz\/wp-json\/wp\/v2\/pages\/18\/revisions\/1302"}],"wp:featuredmedia":[{"embeddable":true,"href":"https:\/\/www.poradnahygge.cz\/wp-json\/wp\/v2\/media\/927"}],"wp:attachment":[{"href":"https:\/\/www.poradnahygge.cz\/wp-json\/wp\/v2\/media?parent=18"}],"curies":[{"name":"wp","href":"https:\/\/api.w.org\/{rel}","templated":true}]}}